{"id":10773,"date":"2026-01-15T17:18:39","date_gmt":"2026-01-15T20:18:39","guid":{"rendered":"https:\/\/www.tkth.com.br\/novo\/?page_id=10773"},"modified":"2026-01-29T13:28:50","modified_gmt":"2026-01-29T16:28:50","slug":"cto-c","status":"publish","type":"page","link":"https:\/\/www.tkth.com.br\/novo\/cto-c\/","title":{"rendered":"CTO-C"},"content":{"rendered":"\t\t<div data-elementor-type=\"wp-page\" data-elementor-id=\"10773\" class=\"elementor elementor-10773\" data-elementor-post-type=\"page\">\n\t\t\t\t\t\t<section class=\"elementor-section elementor-top-section elementor-element elementor-element-5751fe4 elementor-section-height-min-height elementor-section-items-bottom elementor-section-boxed elementor-section-height-default\" data-id=\"5751fe4\" data-element_type=\"section\" data-e-type=\"section\" data-settings=\"{&quot;background_background&quot;:&quot;classic&quot;}\">\n\t\t\t\t\t\t<div class=\"elementor-container elementor-column-gap-default\">\n\t\t\t\t\t<div class=\"elementor-column elementor-col-50 elementor-top-column elementor-element elementor-element-81d08d6\" data-id=\"81d08d6\" data-element_type=\"column\" data-e-type=\"column\" data-settings=\"{&quot;background_background&quot;:&quot;classic&quot;}\">\n\t\t\t<div class=\"elementor-widget-wrap elementor-element-populated\">\n\t\t\t\t\t\t<div class=\"elementor-element elementor-element-0edf856 elementor-widget elementor-widget-heading\" data-id=\"0edf856\" data-element_type=\"widget\" data-e-type=\"widget\" data-widget_type=\"heading.default\">\n\t\t\t\t<div class=\"elementor-widget-container\">\n\t\t\t\t\t<h2 class=\"elementor-heading-title elementor-size-default\">INJETADOS PL\u00c1STICOS<\/h2>\t\t\t\t<\/div>\n\t\t\t\t<\/div>\n\t\t\t\t<div class=\"elementor-element elementor-element-de64e3b elementor-widget elementor-widget-image\" data-id=\"de64e3b\" data-element_type=\"widget\" data-e-type=\"widget\" data-widget_type=\"image.default\">\n\t\t\t\t<div class=\"elementor-widget-container\">\n\t\t\t\t\t\t\t\t\t\t\t\t\t\t\t<img fetchpriority=\"high\" decoding=\"async\" width=\"550\" height=\"376\" src=\"https:\/\/www.tkth.com.br\/novo\/wp-content\/uploads\/2025\/06\/pagina_produtos_site_novo-min.png\" class=\"attachment-large size-large wp-image-9690\" alt=\"\" srcset=\"https:\/\/www.tkth.com.br\/novo\/wp-content\/uploads\/2025\/06\/pagina_produtos_site_novo-min.png 550w, https:\/\/www.tkth.com.br\/novo\/wp-content\/uploads\/2025\/06\/pagina_produtos_site_novo-min-300x205.png 300w\" sizes=\"(max-width: 550px) 100vw, 550px\" \/>\t\t\t\t\t\t\t\t\t\t\t\t\t\t\t<\/div>\n\t\t\t\t<\/div>\n\t\t\t\t<div class=\"elementor-element elementor-element-0bae7a1 elementor-widget elementor-widget-heading\" data-id=\"0bae7a1\" data-element_type=\"widget\" data-e-type=\"widget\" data-widget_type=\"heading.default\">\n\t\t\t\t<div class=\"elementor-widget-container\">\n\t\t\t\t\t<h2 class=\"elementor-heading-title elementor-size-default\">CTO-C<\/h2>\t\t\t\t<\/div>\n\t\t\t\t<\/div>\n\t\t\t\t<div class=\"elementor-element elementor-element-85989da elementor-widget__width-initial elementor-widget elementor-widget-heading\" data-id=\"85989da\" data-element_type=\"widget\" data-e-type=\"widget\" data-widget_type=\"heading.default\">\n\t\t\t\t<div class=\"elementor-widget-container\">\n\t\t\t\t\t<h2 class=\"elementor-heading-title elementor-size-default\">CTO para cordoalha desenvolvida para oferecer praticidade na instala\u00e7\u00e3o, excelente organiza\u00e7\u00e3o interna e alto n\u00edvel de veda\u00e7\u00e3o, garantindo mais seguran\u00e7a e confiabilidade em campo.<\/h2>\t\t\t\t<\/div>\n\t\t\t\t<\/div>\n\t\t\t\t\t<\/div>\n\t\t<\/div>\n\t\t\t\t<div class=\"elementor-column elementor-col-50 elementor-top-column elementor-element elementor-element-56d17d8\" data-id=\"56d17d8\" data-element_type=\"column\" data-e-type=\"column\" data-settings=\"{&quot;background_background&quot;:&quot;classic&quot;}\">\n\t\t\t<div class=\"elementor-widget-wrap elementor-element-populated\">\n\t\t\t\t\t\t<div class=\"elementor-element elementor-element-8252900 elementor-arrows-position-inside elementor-widget elementor-widget-image-carousel\" data-id=\"8252900\" data-element_type=\"widget\" data-e-type=\"widget\" data-settings=\"{&quot;slides_to_show&quot;:&quot;1&quot;,&quot;navigation&quot;:&quot;arrows&quot;,&quot;_animation&quot;:&quot;none&quot;,&quot;autoplay&quot;:&quot;yes&quot;,&quot;pause_on_hover&quot;:&quot;yes&quot;,&quot;pause_on_interaction&quot;:&quot;yes&quot;,&quot;autoplay_speed&quot;:5000,&quot;infinite&quot;:&quot;yes&quot;,&quot;effect&quot;:&quot;slide&quot;,&quot;speed&quot;:500}\" data-widget_type=\"image-carousel.default\">\n\t\t\t\t<div class=\"elementor-widget-container\">\n\t\t\t\t\t\t\t<div class=\"elementor-image-carousel-wrapper swiper\" role=\"region\" aria-roledescription=\"carousel\" aria-label=\"Carrossel de imagens\" dir=\"ltr\">\n\t\t\t<div class=\"elementor-image-carousel swiper-wrapper\" aria-live=\"off\">\n\t\t\t\t\t\t\t\t<div class=\"swiper-slide\" role=\"group\" aria-roledescription=\"slide\" aria-label=\"1 de 6\"><figure class=\"swiper-slide-inner\"><img decoding=\"async\" class=\"swiper-slide-image\" src=\"https:\/\/www.tkth.com.br\/novo\/wp-content\/uploads\/2026\/01\/477-1.png\" alt=\"CTO-C FRENTE\" \/><figcaption class=\"elementor-image-carousel-caption\">CTO-C FRENTE<\/figcaption><\/figure><\/div><div class=\"swiper-slide\" role=\"group\" aria-roledescription=\"slide\" aria-label=\"2 de 6\"><figure class=\"swiper-slide-inner\"><img decoding=\"async\" class=\"swiper-slide-image\" src=\"https:\/\/www.tkth.com.br\/novo\/wp-content\/uploads\/2026\/01\/480-1.png\" alt=\"CTO-C TRAVAS\" \/><figcaption class=\"elementor-image-carousel-caption\">CTO-C TRAVAS<\/figcaption><\/figure><\/div><div class=\"swiper-slide\" role=\"group\" aria-roledescription=\"slide\" aria-label=\"3 de 6\"><figure class=\"swiper-slide-inner\"><img decoding=\"async\" class=\"swiper-slide-image\" src=\"https:\/\/www.tkth.com.br\/novo\/wp-content\/uploads\/2026\/01\/478-1.png\" alt=\"CTO-C ABERTA\" \/><figcaption class=\"elementor-image-carousel-caption\">CTO-C ABERTA<\/figcaption><\/figure><\/div><div class=\"swiper-slide\" role=\"group\" aria-roledescription=\"slide\" aria-label=\"4 de 6\"><figure class=\"swiper-slide-inner\"><img decoding=\"async\" class=\"swiper-slide-image\" src=\"https:\/\/www.tkth.com.br\/novo\/wp-content\/uploads\/2026\/01\/479-1.png\" alt=\"CTO-C FUS\u00d5ES\" \/><figcaption class=\"elementor-image-carousel-caption\">CTO-C FUS\u00d5ES<\/figcaption><\/figure><\/div><div class=\"swiper-slide\" role=\"group\" aria-roledescription=\"slide\" aria-label=\"5 de 6\"><figure class=\"swiper-slide-inner\"><img decoding=\"async\" class=\"swiper-slide-image\" src=\"https:\/\/www.tkth.com.br\/novo\/wp-content\/uploads\/2026\/01\/481-1.png\" alt=\"CTO-C RESERVA\" \/><figcaption class=\"elementor-image-carousel-caption\">CTO-C RESERVA<\/figcaption><\/figure><\/div><div class=\"swiper-slide\" role=\"group\" aria-roledescription=\"slide\" aria-label=\"6 de 6\"><figure class=\"swiper-slide-inner\"><img decoding=\"async\" class=\"swiper-slide-image\" src=\"https:\/\/www.tkth.com.br\/novo\/wp-content\/uploads\/2026\/01\/482-1.png\" alt=\"CTO-C CORDOALHA\" \/><figcaption class=\"elementor-image-carousel-caption\">CTO-C CORDOALHA<\/figcaption><\/figure><\/div>\t\t\t<\/div>\n\t\t\t\t\t\t\t\t\t\t\t\t<div class=\"elementor-swiper-button elementor-swiper-button-prev\" role=\"button\" tabindex=\"0\">\n\t\t\t\t\t\t<i aria-hidden=\"true\" class=\"eicon-chevron-left\"><\/i>\t\t\t\t\t<\/div>\n\t\t\t\t\t<div class=\"elementor-swiper-button elementor-swiper-button-next\" role=\"button\" tabindex=\"0\">\n\t\t\t\t\t\t<i aria-hidden=\"true\" class=\"eicon-chevron-right\"><\/i>\t\t\t\t\t<\/div>\n\t\t\t\t\n\t\t\t\t\t\t\t\t\t<\/div>\n\t\t\t\t\t\t<\/div>\n\t\t\t\t<\/div>\n\t\t\t\t\t<\/div>\n\t\t<\/div>\n\t\t\t\t\t<\/div>\n\t\t<\/section>\n\t\t\t\t<section class=\"elementor-section elementor-top-section elementor-element elementor-element-61d5ee9f elementor-section-height-min-height elementor-section-items-top elementor-section-boxed elementor-section-height-default\" data-id=\"61d5ee9f\" data-element_type=\"section\" data-e-type=\"section\" data-settings=\"{&quot;background_background&quot;:&quot;classic&quot;}\">\n\t\t\t\t\t\t<div class=\"elementor-container elementor-column-gap-default\">\n\t\t\t\t\t<div class=\"elementor-column elementor-col-100 elementor-top-column elementor-element elementor-element-d49a923\" data-id=\"d49a923\" data-element_type=\"column\" data-e-type=\"column\" data-settings=\"{&quot;background_background&quot;:&quot;classic&quot;}\">\n\t\t\t<div class=\"elementor-widget-wrap elementor-element-populated\">\n\t\t\t\t\t\t<div class=\"elementor-element elementor-element-71379dc6 elementor-widget elementor-widget-eael-adv-tabs\" data-id=\"71379dc6\" data-element_type=\"widget\" data-e-type=\"widget\" data-widget_type=\"eael-adv-tabs.default\">\n\t\t\t\t<div class=\"elementor-widget-container\">\n\t\t\t\t\t        <div data-scroll-on-click=\"no\" data-scroll-speed=\"300\" id=\"eael-advance-tabs-71379dc6\" class=\"eael-advance-tabs eael-tabs-horizontal eael-tab-auto-active \" data-tabid=\"71379dc6\">\n            <div class=\"eael-tabs-nav \">\n                <ul class=\"\" role=\"tablist\">\n                                            <li id=\"descrio\" class=\"active-default eael-tab-item-trigger eael-tab-nav-item\" aria-selected=\"true\" data-tab=\"1\" role=\"tab\" tabindex=\"0\" aria-controls=\"descrio-tab\" aria-expanded=\"false\">\n                            \n                            \n                            \n                                                            <span class=\"eael-tab-title title-after-icon\" >Descri\u00e7\u00e3o<\/span>                                                    <\/li>\n                                            <li id=\"datasheet\" class=\" eael-tab-item-trigger eael-tab-nav-item\" aria-selected=\"false\" data-tab=\"2\" role=\"tab\" tabindex=\"-1\" aria-controls=\"datasheet-tab\" aria-expanded=\"false\">\n                            \n                            \n                            \n                                                            <span class=\"eael-tab-title title-after-icon\" >Datasheet<\/span>                                                    <\/li>\n                    \n                                       <div class=\"eael-tabs-glassey-svg\">\n                        <svg style=\"display: none\">\n                           <filter id=\"switcher\" x=\"0\" y=\"0\" width=\"100%\" height=\"100%\" filterUnits=\"objectBoundingBox\">\n                              <feTurbulence type=\"fractalNoise\" baseFrequency=\"0.003 0.007\" numOctaves=\"1\" result=\"turbulence\" \/>\n                              <feDisplacementMap in=\"SourceGraphic\" in2=\"turbulence\" scale=\"200\" xChannelSelector=\"R\" yChannelSelector=\"G\" \/>\n                           <\/filter>\n                        <\/svg>\n                     <\/div>\n                                     <\/ul>\n            <\/div>\n            \n            <div class=\"eael-tabs-content\">\n\t\t        \n                    <div id=\"descrio-tab\" class=\"clearfix eael-tab-content-item active-default\" data-title-link=\"descrio-tab\">\n\t\t\t\t        <p>A CTO-C \u00e9 uma Caixa de Termina\u00e7\u00e3o \u00d3ptica para cordoalha projetada para aplica\u00e7\u00f5es em redes \u00f3pticas externas, oferecendo mais efici\u00eancia no trabalho em campo, excelente organiza\u00e7\u00e3o interna, facilidade de montagem e veda\u00e7\u00e3o confi\u00e1vel. Seu design foi desenvolvido para atender diferentes cen\u00e1rios de ativa\u00e7\u00e3o, com recursos que aumentam a produtividade do t\u00e9cnico e garantem maior durabilidade do conjunto.<\/p><p><strong>Funcionalidades:<\/strong><\/p><blockquote><p>&#8211; Fornecida com dois suportes polim\u00e9ricos para fixa\u00e7\u00e3o em cordoalha;<\/p><p>&#8211; Suportes com encaixe f\u00e1cil e remov\u00edvel, evitando soltura acidental e quedas;<\/p><p>&#8211; Equipados com prensa cabo, permitindo instala\u00e7\u00e3o em:<\/p><\/blockquote><ul><li style=\"list-style-type: none\"><ul><li><p>Cordoalha 4,5 a 4,8 mm;<\/p><\/li><li><p>Cordoalha de rede el\u00e9trica at\u00e9 6,4 mm;<\/p><\/li><\/ul><\/li><\/ul><blockquote><p>&#8211; M\u00f3dulo cassete remov\u00edvel, facilitando a ativa\u00e7\u00e3o e manuten\u00e7\u00e3o de assinantes;<\/p><p>&#8211; Compat\u00edvel com conectores SC-APC ou SC-UPC;<\/p><p>&#8211; Bandeja com espa\u00e7o para acomoda\u00e7\u00e3o e distribui\u00e7\u00e3o das fibras e cabos;<\/p><p>&#8211; Capacidade para at\u00e9 36 fus\u00f5es;<\/p><p>&#8211; \u00c1rea para acomoda\u00e7\u00e3o de tubos loose n\u00e3o utilizados;<\/p><p>&#8211; Sistema de reten\u00e7\u00e3o do elemento de tra\u00e7\u00e3o, oferecendo mais seguran\u00e7a para o conjunto;<\/p><p>&#8211; Capacidade para<span style=\"font-size: 16px\">\u00a0at\u00e9 <\/span>16 assinantes<span style=\"font-size: 16px\">, conforme necessidade do projeto:<\/span><\/p><p>&#8211; Sistema com 16 Trava-Drops, garantindo posicionamento correto do cabo drop;<\/p><p>&#8211; Tampa com sistema de fechamento por quatro travas mec\u00e2nicas;<\/p><p>&#8211; Borrachas sobreinjetadas;<\/p><p>&#8211; Compat\u00edvel com suporte reserva (vendido separadamente), utilizado tamb\u00e9m na CTO P;<\/p><p>&#8211; Produto homologado pela Anatel.<\/p><\/blockquote>                    <\/div>\n\t\t        \n                    <div id=\"datasheet-tab\" class=\"clearfix eael-tab-content-item \" data-title-link=\"datasheet-tab\">\n\t\t\t\t        <blockquote><ul><li><strong><a href=\"http:\/\/tkth.com.br\/novo\/datasheets\/ds_cto-c_rev00.pdf\">Download<\/a><\/strong><\/li><li><b><a href=\"http:\/\/tkth.com.br\/novo\/manual\/manual_cto_c.pdf\">Manual do Usu\u00e1rio<\/a><\/b><\/li><\/ul><p>\u00a0<\/p><\/blockquote>                    <\/div>\n\t\t                    <\/div>\n        <\/div>\n\t\t\t\t<\/div>\n\t\t\t\t<\/div>\n\t\t\t\t\t<\/div>\n\t\t<\/div>\n\t\t\t\t\t<\/div>\n\t\t<\/section>\n\t\t\t\t<\/div>\n\t\t","protected":false},"excerpt":{"rendered":"<p>INJETADOS PL\u00c1STICOS CTO-C CTO para cordoalha desenvolvida para oferecer praticidade na instala\u00e7\u00e3o, excelente organiza\u00e7\u00e3o interna e alto n\u00edvel de veda\u00e7\u00e3o, garantindo mais seguran\u00e7a e confiabilidade em campo. CTO-C FRENTE CTO-C TRAVAS CTO-C ABERTA CTO-C FUS\u00d5ES CTO-C RESERVA CTO-C CORDOALHA Descri\u00e7\u00e3o Datasheet A CTO-C \u00e9 uma Caixa de Termina\u00e7\u00e3o \u00d3ptica para cordoalha projetada para aplica\u00e7\u00f5es em [&hellip;]<\/p>\n","protected":false},"author":3,"featured_media":10775,"parent":0,"menu_order":0,"comment_status":"closed","ping_status":"closed","template":"","meta":{"_acf_changed":false,"footnotes":""},"class_list":["post-10773","page","type-page","status-publish","has-post-thumbnail","hentry"],"acf":[],"_links":{"self":[{"href":"https:\/\/www.tkth.com.br\/novo\/wp-json\/wp\/v2\/pages\/10773","targetHints":{"allow":["GET"]}}],"collection":[{"href":"https:\/\/www.tkth.com.br\/novo\/wp-json\/wp\/v2\/pages"}],"about":[{"href":"https:\/\/www.tkth.com.br\/novo\/wp-json\/wp\/v2\/types\/page"}],"author":[{"embeddable":true,"href":"https:\/\/www.tkth.com.br\/novo\/wp-json\/wp\/v2\/users\/3"}],"replies":[{"embeddable":true,"href":"https:\/\/www.tkth.com.br\/novo\/wp-json\/wp\/v2\/comments?post=10773"}],"version-history":[{"count":10,"href":"https:\/\/www.tkth.com.br\/novo\/wp-json\/wp\/v2\/pages\/10773\/revisions"}],"predecessor-version":[{"id":10846,"href":"https:\/\/www.tkth.com.br\/novo\/wp-json\/wp\/v2\/pages\/10773\/revisions\/10846"}],"wp:featuredmedia":[{"embeddable":true,"href":"https:\/\/www.tkth.com.br\/novo\/wp-json\/wp\/v2\/media\/10775"}],"wp:attachment":[{"href":"https:\/\/www.tkth.com.br\/novo\/wp-json\/wp\/v2\/media?parent=10773"}],"curies":[{"name":"wp","href":"https:\/\/api.w.org\/{rel}","templated":true}]}}