{"id":2610,"date":"2023-06-19T15:47:53","date_gmt":"2023-06-19T18:47:53","guid":{"rendered":"https:\/\/www.tkth.com.br\/novo\/?page_id=2610"},"modified":"2026-01-29T17:56:56","modified_gmt":"2026-01-29T20:56:56","slug":"olt-2-portas-pon","status":"publish","type":"page","link":"https:\/\/www.tkth.com.br\/novo\/olt-2-portas-pon\/","title":{"rendered":"OLT 2 PORTAS PON"},"content":{"rendered":"\t\t<div data-elementor-type=\"wp-page\" data-elementor-id=\"2610\" class=\"elementor elementor-2610\" data-elementor-post-type=\"page\">\n\t\t\t\t\t\t<section class=\"elementor-section elementor-top-section elementor-element elementor-element-5751fe4 elementor-section-height-min-height elementor-section-items-top elementor-section-boxed elementor-section-height-default\" data-id=\"5751fe4\" data-element_type=\"section\" data-e-type=\"section\" data-settings=\"{&quot;background_background&quot;:&quot;classic&quot;}\">\n\t\t\t\t\t\t<div class=\"elementor-container elementor-column-gap-default\">\n\t\t\t\t\t<div class=\"elementor-column elementor-col-50 elementor-top-column elementor-element elementor-element-81d08d6\" data-id=\"81d08d6\" data-element_type=\"column\" data-e-type=\"column\" data-settings=\"{&quot;background_background&quot;:&quot;classic&quot;}\">\n\t\t\t<div class=\"elementor-widget-wrap elementor-element-populated\">\n\t\t\t\t\t\t<div class=\"elementor-element elementor-element-0edf856 elementor-widget elementor-widget-heading\" data-id=\"0edf856\" data-element_type=\"widget\" data-e-type=\"widget\" data-widget_type=\"heading.default\">\n\t\t\t\t<div class=\"elementor-widget-container\">\n\t\t\t\t\t<h2 class=\"elementor-heading-title elementor-size-default\">ELETR\u00d4NICOS<\/h2>\t\t\t\t<\/div>\n\t\t\t\t<\/div>\n\t\t\t\t<div class=\"elementor-element elementor-element-0bae7a1 elementor-widget elementor-widget-heading\" data-id=\"0bae7a1\" data-element_type=\"widget\" data-e-type=\"widget\" data-widget_type=\"heading.default\">\n\t\t\t\t<div class=\"elementor-widget-container\">\n\t\t\t\t\t<h2 class=\"elementor-heading-title elementor-size-default\">OLT EPON CHASSI 1U<\/h2>\t\t\t\t<\/div>\n\t\t\t\t<\/div>\n\t\t\t\t<div class=\"elementor-element elementor-element-85989da elementor-widget__width-initial elementor-widget elementor-widget-heading\" data-id=\"85989da\" data-element_type=\"widget\" data-e-type=\"widget\" data-widget_type=\"heading.default\">\n\t\t\t\t<div class=\"elementor-widget-container\">\n\t\t\t\t\t<h2 class=\"elementor-heading-title elementor-size-default\">Com gerenciamento remoto, eliminando a necessidade de deslocamentos f\u00edsicos at\u00e9 os equipamentos!<\/h2>\t\t\t\t<\/div>\n\t\t\t\t<\/div>\n\t\t\t\t\t<\/div>\n\t\t<\/div>\n\t\t\t\t<div class=\"elementor-column elementor-col-50 elementor-top-column elementor-element elementor-element-56d17d8\" data-id=\"56d17d8\" data-element_type=\"column\" data-e-type=\"column\" data-settings=\"{&quot;background_background&quot;:&quot;classic&quot;}\">\n\t\t\t<div class=\"elementor-widget-wrap elementor-element-populated\">\n\t\t\t\t\t\t<div class=\"elementor-element elementor-element-8252900 elementor-arrows-position-inside elementor-widget elementor-widget-image-carousel\" data-id=\"8252900\" data-element_type=\"widget\" data-e-type=\"widget\" data-settings=\"{&quot;slides_to_show&quot;:&quot;1&quot;,&quot;navigation&quot;:&quot;arrows&quot;,&quot;_animation&quot;:&quot;none&quot;,&quot;autoplay&quot;:&quot;yes&quot;,&quot;pause_on_hover&quot;:&quot;yes&quot;,&quot;pause_on_interaction&quot;:&quot;yes&quot;,&quot;autoplay_speed&quot;:5000,&quot;infinite&quot;:&quot;yes&quot;,&quot;effect&quot;:&quot;slide&quot;,&quot;speed&quot;:500}\" data-widget_type=\"image-carousel.default\">\n\t\t\t\t<div class=\"elementor-widget-container\">\n\t\t\t\t\t\t\t<div class=\"elementor-image-carousel-wrapper swiper\" role=\"region\" aria-roledescription=\"carousel\" aria-label=\"Carrossel de imagens\" dir=\"ltr\">\n\t\t\t<div class=\"elementor-image-carousel swiper-wrapper\" aria-live=\"off\">\n\t\t\t\t\t\t\t\t<div class=\"swiper-slide\" role=\"group\" aria-roledescription=\"slide\" aria-label=\"1 de 4\"><figure class=\"swiper-slide-inner\"><img decoding=\"async\" class=\"swiper-slide-image\" src=\"https:\/\/www.tkth.com.br\/novo\/wp-content\/uploads\/2024\/09\/308.png\" alt=\"308\" \/><\/figure><\/div><div class=\"swiper-slide\" role=\"group\" aria-roledescription=\"slide\" aria-label=\"2 de 4\"><figure class=\"swiper-slide-inner\"><img decoding=\"async\" class=\"swiper-slide-image\" src=\"https:\/\/www.tkth.com.br\/novo\/wp-content\/uploads\/2024\/09\/309.png\" alt=\"309\" \/><\/figure><\/div><div class=\"swiper-slide\" role=\"group\" aria-roledescription=\"slide\" aria-label=\"3 de 4\"><figure class=\"swiper-slide-inner\"><img decoding=\"async\" class=\"swiper-slide-image\" src=\"https:\/\/www.tkth.com.br\/novo\/wp-content\/uploads\/2024\/09\/310.png\" alt=\"310\" \/><\/figure><\/div><div class=\"swiper-slide\" role=\"group\" aria-roledescription=\"slide\" aria-label=\"4 de 4\"><figure class=\"swiper-slide-inner\"><img decoding=\"async\" class=\"swiper-slide-image\" src=\"https:\/\/www.tkth.com.br\/novo\/wp-content\/uploads\/2024\/09\/311.png\" alt=\"311\" \/><\/figure><\/div>\t\t\t<\/div>\n\t\t\t\t\t\t\t\t\t\t\t\t<div class=\"elementor-swiper-button elementor-swiper-button-prev\" role=\"button\" tabindex=\"0\">\n\t\t\t\t\t\t<i aria-hidden=\"true\" class=\"eicon-chevron-left\"><\/i>\t\t\t\t\t<\/div>\n\t\t\t\t\t<div class=\"elementor-swiper-button elementor-swiper-button-next\" role=\"button\" tabindex=\"0\">\n\t\t\t\t\t\t<i aria-hidden=\"true\" class=\"eicon-chevron-right\"><\/i>\t\t\t\t\t<\/div>\n\t\t\t\t\n\t\t\t\t\t\t\t\t\t<\/div>\n\t\t\t\t\t\t<\/div>\n\t\t\t\t<\/div>\n\t\t\t\t\t<\/div>\n\t\t<\/div>\n\t\t\t\t\t<\/div>\n\t\t<\/section>\n\t\t\t\t<section class=\"elementor-section elementor-top-section elementor-element elementor-element-61d5ee9f elementor-section-height-min-height elementor-section-items-top elementor-section-boxed elementor-section-height-default\" data-id=\"61d5ee9f\" data-element_type=\"section\" data-e-type=\"section\" data-settings=\"{&quot;background_background&quot;:&quot;classic&quot;}\">\n\t\t\t\t\t\t<div class=\"elementor-container elementor-column-gap-default\">\n\t\t\t\t\t<div class=\"elementor-column elementor-col-100 elementor-top-column elementor-element elementor-element-d49a923\" data-id=\"d49a923\" data-element_type=\"column\" data-e-type=\"column\" data-settings=\"{&quot;background_background&quot;:&quot;classic&quot;}\">\n\t\t\t<div class=\"elementor-widget-wrap elementor-element-populated\">\n\t\t\t\t\t\t<div class=\"elementor-element elementor-element-71379dc6 elementor-widget elementor-widget-eael-adv-tabs\" data-id=\"71379dc6\" data-element_type=\"widget\" data-e-type=\"widget\" data-widget_type=\"eael-adv-tabs.default\">\n\t\t\t\t<div class=\"elementor-widget-container\">\n\t\t\t\t\t        <div data-scroll-on-click=\"no\" data-scroll-speed=\"300\" id=\"eael-advance-tabs-71379dc6\" class=\"eael-advance-tabs eael-tabs-horizontal eael-tab-auto-active \" data-tabid=\"71379dc6\">\n            <div class=\"eael-tabs-nav \">\n                <ul class=\"\" role=\"tablist\">\n                                            <li id=\"descrio\" class=\"active-default eael-tab-item-trigger eael-tab-nav-item\" aria-selected=\"true\" data-tab=\"1\" role=\"tab\" tabindex=\"0\" aria-controls=\"descrio-tab\" aria-expanded=\"false\">\n                            \n                            \n                            \n                                                            <span class=\"eael-tab-title title-after-icon\" >Descri\u00e7\u00e3o<\/span>                                                    <\/li>\n                                            <li id=\"datasheet\" class=\" eael-tab-item-trigger eael-tab-nav-item\" aria-selected=\"false\" data-tab=\"2\" role=\"tab\" tabindex=\"-1\" aria-controls=\"datasheet-tab\" aria-expanded=\"false\">\n                            \n                            \n                            \n                                                            <span class=\"eael-tab-title title-after-icon\" >Datasheet<\/span>                                                    <\/li>\n                                            <li id=\"arquivos-para-download\" class=\" eael-tab-item-trigger eael-tab-nav-item\" aria-selected=\"false\" data-tab=\"3\" role=\"tab\" tabindex=\"-1\" aria-controls=\"arquivos-para-download-tab\" aria-expanded=\"false\">\n                            \n                            \n                            \n                                                            <span class=\"eael-tab-title title-after-icon\" >Arquivos para download<\/span>                                                    <\/li>\n                                            <li id=\"vdeos\" class=\" eael-tab-item-trigger eael-tab-nav-item\" aria-selected=\"false\" data-tab=\"4\" role=\"tab\" tabindex=\"-1\" aria-controls=\"vdeos-tab\" aria-expanded=\"false\">\n                            \n                            \n                            \n                                                            <span class=\"eael-tab-title title-after-icon\" >V\u00eddeos<\/span>                                                    <\/li>\n                    \n                                       <div class=\"eael-tabs-glassey-svg\">\n                        <svg style=\"display: none\">\n                           <filter id=\"switcher\" x=\"0\" y=\"0\" width=\"100%\" height=\"100%\" filterUnits=\"objectBoundingBox\">\n                              <feTurbulence type=\"fractalNoise\" baseFrequency=\"0.003 0.007\" numOctaves=\"1\" result=\"turbulence\" \/>\n                              <feDisplacementMap in=\"SourceGraphic\" in2=\"turbulence\" scale=\"200\" xChannelSelector=\"R\" yChannelSelector=\"G\" \/>\n                           <\/filter>\n                        <\/svg>\n                     <\/div>\n                                     <\/ul>\n            <\/div>\n            \n            <div class=\"eael-tabs-content\">\n\t\t        \n                    <div id=\"descrio-tab\" class=\"clearfix eael-tab-content-item active-default\" data-title-link=\"descrio-tab\">\n\t\t\t\t        <p>O OLT EPON TK-HA7110 \u00e9 uma solu\u00e7\u00e3o compacta e eficiente, projetada para oferecer conectividade de alta qualidade com a flexibilidade necess\u00e1ria para expandir redes. Ela combina desempenho e praticidade, sem abrir m\u00e3o da capacidade de suportar um grande n\u00famero de clientes e cobrir dist\u00e2ncias maiores.<\/p><blockquote><p><strong>Funcionalidades:<\/strong><\/p><p>&#8211; 2 portas SFP PON, 2 portas Uplink 10\/100\/1000Mbps, 1 porta de gerenciamento RJ45 e 1 porta console;<\/p><p>&#8211; At\u00e9 128 ONUs por porta PON;<\/p><p>&#8211; Alcance de at\u00e9 20 km;<\/p><p>&#8211; Altura de 1U, otimiza o uso do espa\u00e7o.<\/p><\/blockquote>                    <\/div>\n\t\t        \n                    <div id=\"datasheet-tab\" class=\"clearfix eael-tab-content-item \" data-title-link=\"datasheet-tab\">\n\t\t\t\t        <ul><li><a href=\"http:\/\/tkth.com.br\/novo\/datasheets\/ds_olt_epon_gerenciavel_1u_rev01.pdf\">Download<\/a><\/li><\/ul>                    <\/div>\n\t\t        \n                    <div id=\"arquivos-para-download-tab\" class=\"clearfix eael-tab-content-item \" data-title-link=\"arquivos-para-download-tab\">\n\t\t\t\t        <p><strong>Firmware Software:<\/strong><\/p><blockquote><p>&#8211; Vers\u00e3o 1.49.2 | 29\/01\/2026 &gt;&gt; <a href=\"https:\/\/tkth.com.br\/novo\/firmware\/olt_1u_e_mini\/firmware-G-1u-Intr-v1.49.2.bin\"><strong>Download<\/strong><\/a><\/p><\/blockquote><p><strong>Guia de acesso:<\/strong><\/p><blockquote><p>&#8211; OLT 1U gerenci\u00e1vel\u00a0 &gt;&gt; <strong><a href=\"http:\/\/tkth.com.br\/novo\/guia\/olt_1u\/acesso_olt_gerenciavel.pdf\">Download<\/a><\/strong><\/p><\/blockquote><p><strong>Manual do Usu\u00e1rio:<\/strong><\/p><blockquote><p>&#8211; OLTs EPON modelos 1U e Mini Chassi &gt;&gt; <a href=\"http:\/\/tkth.com.br\/novo\/guia\/teknovus\/manual_olt-epon-1u-mini-chassi_rev00.pdf\"><span style=\"text-decoration: underline\"><strong>Download<\/strong><\/span><\/a><\/p><\/blockquote><p><strong>M\u00e1quina Virtual:<\/strong><\/p><p style=\"padding-left: 40px\"><em>&#8211; Firmware atualiza\u00e7\u00e3o m\u00e1quina virtual &#8211; vers\u00e3o 1.49 | 29\/01\/2026 &gt;&gt; <strong><a href=\"https:\/\/tkth.com.br\/novo\/firmware\/olt_1u_e_mini\/firmware-OltVMx86-v1.49.bin\">Download<\/a><\/strong><\/em><\/p><p style=\"padding-left: 40px\"><em>Obs.: <\/em><em>Se o Google Chrome bloquear o download, tente usar outro navegador, como Mozilla ou Opera.<\/em><\/p><blockquote><p>&#8211; Software m\u00e1quina virtual OLT manager &gt;&gt; <strong><a href=\"https:\/\/tkth.com.br\/novo\/software\/olt_1u_e_mini_chassi\/OLTManager_v3.zip\">Download<\/a><\/strong><\/p><p>&#8211; Software de instala\u00e7\u00e3o manual da M\u00e1quina Virtual &gt;&gt; <strong><a href=\"https:\/\/tkth.com.br\/novo\/manual\/oltman-manual-install-v1.42.tar.gz.zip\">Download<\/a><\/strong><\/p><p>&#8211; Guia de instala\u00e7\u00e3o da m\u00e1quina virtual &gt;&gt; <a href=\"https:\/\/tkth.com.br\/novo\/guia\/olt_1u\/guia_instala\u00e7\u00e3o-maquina-virtual_rev00.pdf\"><strong>Download<\/strong><\/a><\/p><\/blockquote><p><strong>Teknovus:<\/strong><\/p><blockquote><p>&#8211; Software Teknovus vers\u00e3o 1.5 &gt;&gt; <strong><a href=\"https:\/\/tkth.com.br\/novo\/software\/olt_1u_e_mini_chassi\/Teknovus_1.5.zip\">Download<\/a><\/strong><\/p><p>&#8211; Software Teknovus vers\u00e3o 230 &gt;&gt; <strong><a href=\"https:\/\/tkth.com.br\/novo\/software\/olt_1u_e_mini_chassi\/Teknovus_230.zip\">Download<\/a><\/strong><\/p><\/blockquote><p><strong>Guias r\u00e1pidos:<\/strong><\/p><blockquote><p>&#8211; Acesso ao Teknovus por uma VPN &gt;&gt; <a href=\"http:\/\/tkth.com.br\/novo\/guia\/teknovus\/guia_acesso-teknovus-vpn_rev00.pdf\"><strong>Download<\/strong><\/a><\/p><p>&#8211; Acesso ao Teknovus de forma roteada &gt;&gt; <a href=\"http:\/\/tkth.com.br\/novo\/guia\/teknovus\/guia_acesso-teknovus-roteada_rev00.pdf\"><span style=\"text-decoration: underline\"><strong>Download<\/strong><\/span><\/a><\/p><p>&#8211; Acesso ao Teknovus e configura\u00e7\u00f5es GIGA e SLA &gt;&gt; <a href=\"http:\/\/tkth.com.br\/novo\/guia\/teknovus\/guia_acesso-teknovus-configura\u00e7\u00e3o-giga-sla_rev01.pdf\"><span style=\"text-decoration: underline\"><strong>Download<\/strong><\/span><\/a><\/p><p>&#8211; Limpeza dos links n\u00e3o associados &gt;&gt; <a href=\"http:\/\/tkth.com.br\/novo\/guia\/teknovus\/guia_limpeza-links-nao-associados_rev00.pdf\"><strong>Download<\/strong><\/a><\/p><p>&#8211; Como alterar IP via Serial &gt;&gt; <a href=\"http:\/\/tkth.com.br\/novo\/guia\/teknovus\/guia_alterando-ip-via-serial_rev00.pdf\"><span style=\"text-decoration: underline\"><strong>Download<\/strong><\/span><\/a><\/p><p>&#8211; Ger\u00eancia pela porta de Uplink &gt;&gt; <a href=\"http:\/\/tkth.com.br\/novo\/guia\/teknovus\/guia_gerencia-pela-porta-uplink_rev00.pdf\"><span style=\"text-decoration: underline\"><strong>Download<\/strong><\/span><\/a><\/p><p>&#8211; Habilitando 128 clientes na PON &gt;&gt; <a href=\"http:\/\/tkth.com.br\/novo\/guia\/teknovus\/guia_habilitando-128-clientes-pon_rev00.pdf\"><span style=\"text-decoration: underline\"><strong>Download<\/strong><\/span><\/a><\/p><p>&#8211; Guia de restaura\u00e7\u00e3o de configura\u00e7\u00f5es da OLT &gt;&gt; <a href=\"https:\/\/tkth.com.br\/novo\/guia\/olt_mini\/guia_restaura\u00e7\u00e3o-configura\u00e7\u00f5es-olt_rev00.pdf\"><span style=\"text-decoration: underline\"><strong>Download<\/strong><\/span><\/a><\/p><\/blockquote>                    <\/div>\n\t\t        \n                    <div id=\"vdeos-tab\" class=\"clearfix eael-tab-content-item \" data-title-link=\"vdeos-tab\">\n\t\t\t\t        <style>.elementor-widget-section [data-tippy-root] > .tippy-box{color:var( --e-global-color-primary );background-color:var( --e-global-color-primary );font-family:var( --e-global-typography-accent-font-family ), Sans-serif;font-weight:var( --e-global-typography-accent-font-weight );}.elementor-widget-section [data-tippy-root] > .tippy-box .tippy-arrow{color:var( --e-global-color-primary );}.elementor-widget-column [data-tippy-root] > .tippy-box{color:var( --e-global-color-primary );background-color:var( --e-global-color-primary );font-family:var( --e-global-typography-accent-font-family ), Sans-serif;font-weight:var( --e-global-typography-accent-font-weight );}.elementor-widget-column [data-tippy-root] > .tippy-box .tippy-arrow{color:var( --e-global-color-primary );}.elementor-widget-eael-sticky-video [data-tippy-root] > .tippy-box{color:var( --e-global-color-primary );background-color:var( --e-global-color-primary );font-family:var( --e-global-typography-accent-font-family ), Sans-serif;font-weight:var( --e-global-typography-accent-font-weight );}.elementor-widget-eael-sticky-video [data-tippy-root] > .tippy-box .tippy-arrow{color:var( --e-global-color-primary );}.elementor-widget-eael-sticky-video .wpcf7 input:not([type=\"submit\"]){background-color:var( --e-global-color-primary );}.elementor-widget-eael-sticky-video .wpcf7 select{background-color:var( --e-global-color-primary );}.elementor-widget-eael-sticky-video .wpcf7 textarea{background-color:var( --e-global-color-primary );}.elementor-widget-eael-sticky-video .wpcf7 label{font-family:var( --e-global-typography-primary-font-family ), Sans-serif;font-weight:var( --e-global-typography-primary-font-weight );color:var( --e-global-color-primary );}.elementor-widget-eael-sticky-video ::placeholder{font-family:var( --e-global-typography-primary-font-family ), Sans-serif;font-weight:var( --e-global-typography-primary-font-weight );color:var( --e-global-color-primary );}.elementor-widget-eael-sticky-video .wpcf7-submit{font-family:var( --e-global-typography-primary-font-family ), Sans-serif;font-weight:var( --e-global-typography-primary-font-weight );color:var( --e-global-color-primary );background-color:var( --e-global-color-primary );}.elementor-widget-eael-sticky-video .wpcf7 input[type=\"submit\"]:hover{color:var( --e-global-color-primary );background-color:var( --e-global-color-primary );}.elementor-5241 .elementor-element.elementor-element-dfa205a .eael-sticky-video-wrapper{border-style:none;}.elementor-5241 .elementor-element.elementor-element-dfa205a .plyr__control.plyr__tab-focus{box-shadow:0 0 0 5px #ADD8E6!important;}.elementor-5241 .elementor-element.elementor-element-dfa205a .plyr__control--overlaid{background:#ADD8E6!important;padding:15px;}.elementor-5241 .elementor-element.elementor-element-dfa205a .plyr--video .plyr__control.plyr__tab-focus{background:#ADD8E6!important;}.elementor-5241 .elementor-element.elementor-element-dfa205a .plyr--video .plyr__control:hover{background:#ADD8E6!important;}.elementor-5241 .elementor-element.elementor-element-dfa205a .plyr--video .plyr__controls{padding:10px;}.elementor-5241 .elementor-element.elementor-element-dfa205a > .elementor-widget-container{border-radius:0px 0px 0px 0px;}.elementor-5241 .elementor-element.elementor-element-412d618 .eael-sticky-video-wrapper{border-style:none;}.elementor-5241 .elementor-element.elementor-element-412d618 .plyr__control.plyr__tab-focus{box-shadow:0 0 0 5px #ADD8E6!important;}.elementor-5241 .elementor-element.elementor-element-412d618 .plyr__control--overlaid{background:#ADD8E6!important;padding:15px;}.elementor-5241 .elementor-element.elementor-element-412d618 .plyr--video .plyr__control.plyr__tab-focus{background:#ADD8E6!important;}.elementor-5241 .elementor-element.elementor-element-412d618 .plyr--video .plyr__control:hover{background:#ADD8E6!important;}.elementor-5241 .elementor-element.elementor-element-412d618 .plyr--video .plyr__controls{padding:10px;}.elementor-5241 .elementor-element.elementor-element-412d618 > .elementor-widget-container{border-radius:0px 0px 0px 0px;}.elementor-5241 .elementor-element.elementor-element-8a86fd8 .eael-sticky-video-wrapper{border-style:none;}.elementor-5241 .elementor-element.elementor-element-8a86fd8 .plyr__control.plyr__tab-focus{box-shadow:0 0 0 5px #ADD8E6!important;}.elementor-5241 .elementor-element.elementor-element-8a86fd8 .plyr__control--overlaid{background:#ADD8E6!important;padding:15px;}.elementor-5241 .elementor-element.elementor-element-8a86fd8 .plyr--video .plyr__control.plyr__tab-focus{background:#ADD8E6!important;}.elementor-5241 .elementor-element.elementor-element-8a86fd8 .plyr--video .plyr__control:hover{background:#ADD8E6!important;}.elementor-5241 .elementor-element.elementor-element-8a86fd8 .plyr--video .plyr__controls{padding:10px;}.elementor-5241 .elementor-element.elementor-element-8a86fd8 > .elementor-widget-container{border-radius:0px 0px 0px 0px;}<\/style>\t\t<div data-elementor-type=\"page\" data-elementor-id=\"5241\" class=\"elementor elementor-5241\" data-elementor-post-type=\"elementor_library\">\n\t\t\t\t\t\t<section class=\"elementor-section elementor-top-section elementor-element elementor-element-b5a8797 elementor-section-boxed elementor-section-height-default elementor-section-height-default\" data-id=\"b5a8797\" data-element_type=\"section\" data-e-type=\"section\">\n\t\t\t\t\t\t<div class=\"elementor-container elementor-column-gap-default\">\n\t\t\t\t\t<div class=\"elementor-column elementor-col-33 elementor-top-column elementor-element elementor-element-bac1a7c\" data-id=\"bac1a7c\" data-element_type=\"column\" data-e-type=\"column\">\n\t\t\t<div class=\"elementor-widget-wrap elementor-element-populated\">\n\t\t\t\t\t\t<div class=\"elementor-element elementor-element-dfa205a elementor-widget elementor-widget-eael-sticky-video\" data-id=\"dfa205a\" data-element_type=\"widget\" data-e-type=\"widget\" data-widget_type=\"eael-sticky-video.default\">\n\t\t\t\t<div class=\"elementor-widget-container\">\n\t\t\t\t\t<div class=\"eael-sticky-video-wrapper eaelsv-overlay-visibility-\"><div class=\"eael-sticky-video-player2\" data-sticky=\"\" data-position=\"\" data-sheight=\"169\" data-swidth=\"300\" data-scroll_height=\"\" data-autoplay=\"no\" data-overlay=\"no\"><div\n\t\t\tid=\"eaelsv-player-dfa205a\"\n\t\t\tdata-plyr-provider=\"youtube\"\n\t\t\tdata-plyr-embed-id=\"mP9cq-AFyp4\"\n\t\t\tdata-plyr-config=\"{&quot;storage&quot;: {&quot;enabled&quot;: false, &quot;key&quot;: &quot;plyr&quot;}, &quot;autoplay&quot;:0, &quot;muted&quot;:0, &quot;loop&quot;: {&quot;active&quot;: false}}\"\n\t\t><\/div>\n\t\t\t\t<span class=\"eaelsv-sticky-player-close\"><i class=\"fas fa-times-circle\"><\/i><\/span>\n\t\t\t<\/div>\n\t\t<\/div>\t\t\t\t<\/div>\n\t\t\t\t<\/div>\n\t\t\t\t\t<\/div>\n\t\t<\/div>\n\t\t\t\t<div class=\"elementor-column elementor-col-33 elementor-top-column elementor-element elementor-element-5ed1b67\" data-id=\"5ed1b67\" data-element_type=\"column\" data-e-type=\"column\">\n\t\t\t<div class=\"elementor-widget-wrap elementor-element-populated\">\n\t\t\t\t\t\t<div class=\"elementor-element elementor-element-412d618 elementor-widget elementor-widget-eael-sticky-video\" data-id=\"412d618\" data-element_type=\"widget\" data-e-type=\"widget\" data-widget_type=\"eael-sticky-video.default\">\n\t\t\t\t<div class=\"elementor-widget-container\">\n\t\t\t\t\t<div class=\"eael-sticky-video-wrapper eaelsv-overlay-visibility-\"><div class=\"eael-sticky-video-player2\" data-sticky=\"\" data-position=\"\" data-sheight=\"169\" data-swidth=\"300\" data-scroll_height=\"\" data-autoplay=\"no\" data-overlay=\"no\"><div\n\t\t\tid=\"eaelsv-player-412d618\"\n\t\t\tdata-plyr-provider=\"youtube\"\n\t\t\tdata-plyr-embed-id=\"h4dUUViKHhg\"\n\t\t\tdata-plyr-config=\"{&quot;storage&quot;: {&quot;enabled&quot;: false, &quot;key&quot;: &quot;plyr&quot;}, &quot;autoplay&quot;:0, &quot;muted&quot;:0, &quot;loop&quot;: {&quot;active&quot;: false}}\"\n\t\t><\/div>\n\t\t\t\t<span class=\"eaelsv-sticky-player-close\"><i class=\"fas fa-times-circle\"><\/i><\/span>\n\t\t\t<\/div>\n\t\t<\/div>\t\t\t\t<\/div>\n\t\t\t\t<\/div>\n\t\t\t\t\t<\/div>\n\t\t<\/div>\n\t\t\t\t<div class=\"elementor-column elementor-col-33 elementor-top-column elementor-element elementor-element-0210463\" data-id=\"0210463\" data-element_type=\"column\" data-e-type=\"column\">\n\t\t\t<div class=\"elementor-widget-wrap elementor-element-populated\">\n\t\t\t\t\t\t<div class=\"elementor-element elementor-element-8a86fd8 elementor-widget elementor-widget-eael-sticky-video\" data-id=\"8a86fd8\" data-element_type=\"widget\" data-e-type=\"widget\" data-widget_type=\"eael-sticky-video.default\">\n\t\t\t\t<div class=\"elementor-widget-container\">\n\t\t\t\t\t<div class=\"eael-sticky-video-wrapper eaelsv-overlay-visibility-\"><div class=\"eael-sticky-video-player2\" data-sticky=\"\" data-position=\"\" data-sheight=\"169\" data-swidth=\"300\" data-scroll_height=\"\" data-autoplay=\"no\" data-overlay=\"no\"><div\n\t\t\tid=\"eaelsv-player-8a86fd8\"\n\t\t\tdata-plyr-provider=\"youtube\"\n\t\t\tdata-plyr-embed-id=\"OtpUIEhkJF0\"\n\t\t\tdata-plyr-config=\"{&quot;storage&quot;: {&quot;enabled&quot;: false, &quot;key&quot;: &quot;plyr&quot;}, &quot;autoplay&quot;:0, &quot;muted&quot;:0, &quot;loop&quot;: {&quot;active&quot;: false}}\"\n\t\t><\/div>\n\t\t\t\t<span class=\"eaelsv-sticky-player-close\"><i class=\"fas fa-times-circle\"><\/i><\/span>\n\t\t\t<\/div>\n\t\t<\/div>\t\t\t\t<\/div>\n\t\t\t\t<\/div>\n\t\t\t\t\t<\/div>\n\t\t<\/div>\n\t\t\t\t\t<\/div>\n\t\t<\/section>\n\t\t\t\t<\/div>\n\t\t                    <\/div>\n\t\t                    <\/div>\n        <\/div>\n\t\t\t\t<\/div>\n\t\t\t\t<\/div>\n\t\t\t\t\t<\/div>\n\t\t<\/div>\n\t\t\t\t\t<\/div>\n\t\t<\/section>\n\t\t\t\t<\/div>\n\t\t","protected":false},"excerpt":{"rendered":"<p>ELETR\u00d4NICOS OLT EPON CHASSI 1U Com gerenciamento remoto, eliminando a necessidade de deslocamentos f\u00edsicos at\u00e9 os equipamentos! Descri\u00e7\u00e3o Datasheet Arquivos para download V\u00eddeos O OLT EPON TK-HA7110 \u00e9 uma solu\u00e7\u00e3o compacta e eficiente, projetada para oferecer conectividade de alta qualidade com a flexibilidade necess\u00e1ria para expandir redes. Ela combina desempenho e praticidade, sem abrir m\u00e3o [&hellip;]<\/p>\n","protected":false},"author":3,"featured_media":7208,"parent":0,"menu_order":0,"comment_status":"closed","ping_status":"closed","template":"","meta":{"_acf_changed":false,"footnotes":""},"class_list":["post-2610","page","type-page","status-publish","has-post-thumbnail","hentry"],"acf":[],"_links":{"self":[{"href":"https:\/\/www.tkth.com.br\/novo\/wp-json\/wp\/v2\/pages\/2610","targetHints":{"allow":["GET"]}}],"collection":[{"href":"https:\/\/www.tkth.com.br\/novo\/wp-json\/wp\/v2\/pages"}],"about":[{"href":"https:\/\/www.tkth.com.br\/novo\/wp-json\/wp\/v2\/types\/page"}],"author":[{"embeddable":true,"href":"https:\/\/www.tkth.com.br\/novo\/wp-json\/wp\/v2\/users\/3"}],"replies":[{"embeddable":true,"href":"https:\/\/www.tkth.com.br\/novo\/wp-json\/wp\/v2\/comments?post=2610"}],"version-history":[{"count":79,"href":"https:\/\/www.tkth.com.br\/novo\/wp-json\/wp\/v2\/pages\/2610\/revisions"}],"predecessor-version":[{"id":10868,"href":"https:\/\/www.tkth.com.br\/novo\/wp-json\/wp\/v2\/pages\/2610\/revisions\/10868"}],"wp:featuredmedia":[{"embeddable":true,"href":"https:\/\/www.tkth.com.br\/novo\/wp-json\/wp\/v2\/media\/7208"}],"wp:attachment":[{"href":"https:\/\/www.tkth.com.br\/novo\/wp-json\/wp\/v2\/media?parent=2610"}],"curies":[{"name":"wp","href":"https:\/\/api.w.org\/{rel}","templated":true}]}}