{"id":2999,"date":"2023-06-23T15:14:32","date_gmt":"2023-06-23T18:14:32","guid":{"rendered":"https:\/\/www.tkth.com.br\/novo\/?page_id=2999"},"modified":"2025-12-15T15:45:22","modified_gmt":"2025-12-15T18:45:22","slug":"rack-organizador","status":"publish","type":"page","link":"https:\/\/www.tkth.com.br\/novo\/rack-organizador\/","title":{"rendered":"RACK ORGANIZADOR"},"content":{"rendered":"\t\t<div data-elementor-type=\"wp-page\" data-elementor-id=\"2999\" class=\"elementor elementor-2999\" data-elementor-post-type=\"page\">\n\t\t\t\t\t\t<section class=\"elementor-section elementor-top-section elementor-element elementor-element-5751fe4 elementor-section-height-min-height elementor-section-items-top elementor-section-boxed elementor-section-height-default\" data-id=\"5751fe4\" data-element_type=\"section\" data-e-type=\"section\" data-settings=\"{&quot;background_background&quot;:&quot;classic&quot;}\">\n\t\t\t\t\t\t<div class=\"elementor-container elementor-column-gap-default\">\n\t\t\t\t\t<div class=\"elementor-column elementor-col-50 elementor-top-column elementor-element elementor-element-81d08d6\" data-id=\"81d08d6\" data-element_type=\"column\" data-e-type=\"column\" data-settings=\"{&quot;background_background&quot;:&quot;classic&quot;}\">\n\t\t\t<div class=\"elementor-widget-wrap elementor-element-populated\">\n\t\t\t\t\t\t<div class=\"elementor-element elementor-element-0edf856 elementor-widget elementor-widget-heading\" data-id=\"0edf856\" data-element_type=\"widget\" data-e-type=\"widget\" data-widget_type=\"heading.default\">\n\t\t\t\t<div class=\"elementor-widget-container\">\n\t\t\t\t\t<h2 class=\"elementor-heading-title elementor-size-default\">MET\u00c1LICOS<\/h2>\t\t\t\t<\/div>\n\t\t\t\t<\/div>\n\t\t\t\t<div class=\"elementor-element elementor-element-0bae7a1 elementor-widget elementor-widget-heading\" data-id=\"0bae7a1\" data-element_type=\"widget\" data-e-type=\"widget\" data-widget_type=\"heading.default\">\n\t\t\t\t<div class=\"elementor-widget-container\">\n\t\t\t\t\t<h2 class=\"elementor-heading-title elementor-size-default\">RACK ORGANIZADOR<\/h2>\t\t\t\t<\/div>\n\t\t\t\t<\/div>\n\t\t\t\t<div class=\"elementor-element elementor-element-85989da elementor-widget__width-initial elementor-widget elementor-widget-heading\" data-id=\"85989da\" data-element_type=\"widget\" data-e-type=\"widget\" data-widget_type=\"heading.default\">\n\t\t\t\t<div class=\"elementor-widget-container\">\n\t\t\t\t\t<h2 class=\"elementor-heading-title elementor-size-default\">Solu\u00e7\u00e3o de qualidade para armazenar, organizar e proteger seus equipamentos de sistemas de c\u00e2meras!<\/h2>\t\t\t\t<\/div>\n\t\t\t\t<\/div>\n\t\t\t\t\t<\/div>\n\t\t<\/div>\n\t\t\t\t<div class=\"elementor-column elementor-col-50 elementor-top-column elementor-element elementor-element-56d17d8\" data-id=\"56d17d8\" data-element_type=\"column\" data-e-type=\"column\" data-settings=\"{&quot;background_background&quot;:&quot;classic&quot;}\">\n\t\t\t<div class=\"elementor-widget-wrap elementor-element-populated\">\n\t\t\t\t\t\t<div class=\"elementor-element elementor-element-8252900 elementor-arrows-position-inside elementor-widget elementor-widget-image-carousel\" data-id=\"8252900\" data-element_type=\"widget\" data-e-type=\"widget\" data-settings=\"{&quot;slides_to_show&quot;:&quot;1&quot;,&quot;navigation&quot;:&quot;arrows&quot;,&quot;_animation&quot;:&quot;none&quot;,&quot;autoplay&quot;:&quot;yes&quot;,&quot;pause_on_hover&quot;:&quot;yes&quot;,&quot;pause_on_interaction&quot;:&quot;yes&quot;,&quot;autoplay_speed&quot;:5000,&quot;infinite&quot;:&quot;yes&quot;,&quot;effect&quot;:&quot;slide&quot;,&quot;speed&quot;:500}\" data-widget_type=\"image-carousel.default\">\n\t\t\t\t<div class=\"elementor-widget-container\">\n\t\t\t\t\t\t\t<div class=\"elementor-image-carousel-wrapper swiper\" role=\"region\" aria-roledescription=\"carousel\" aria-label=\"Carrossel de imagens\" dir=\"ltr\">\n\t\t\t<div class=\"elementor-image-carousel swiper-wrapper\" aria-live=\"off\">\n\t\t\t\t\t\t\t\t<div class=\"swiper-slide\" role=\"group\" aria-roledescription=\"slide\" aria-label=\"1 de 6\"><figure class=\"swiper-slide-inner\"><img decoding=\"async\" class=\"swiper-slide-image\" src=\"https:\/\/www.tkth.com.br\/novo\/wp-content\/uploads\/2023\/06\/118.png\" alt=\"MODELO ROB\" \/><figcaption class=\"elementor-image-carousel-caption\">MODELO ROB<\/figcaption><\/figure><\/div><div class=\"swiper-slide\" role=\"group\" aria-roledescription=\"slide\" aria-label=\"2 de 6\"><figure class=\"swiper-slide-inner\"><img decoding=\"async\" class=\"swiper-slide-image\" src=\"https:\/\/www.tkth.com.br\/novo\/wp-content\/uploads\/2023\/06\/119.png\" alt=\"MODELO ROB\" \/><figcaption class=\"elementor-image-carousel-caption\">MODELO ROB<\/figcaption><\/figure><\/div><div class=\"swiper-slide\" role=\"group\" aria-roledescription=\"slide\" aria-label=\"3 de 6\"><figure class=\"swiper-slide-inner\"><img decoding=\"async\" class=\"swiper-slide-image\" src=\"https:\/\/www.tkth.com.br\/novo\/wp-content\/uploads\/2023\/06\/120.png\" alt=\"MODELO ROP\" \/><figcaption class=\"elementor-image-carousel-caption\">MODELO ROP<\/figcaption><\/figure><\/div><div class=\"swiper-slide\" role=\"group\" aria-roledescription=\"slide\" aria-label=\"4 de 6\"><figure class=\"swiper-slide-inner\"><img decoding=\"async\" class=\"swiper-slide-image\" src=\"https:\/\/www.tkth.com.br\/novo\/wp-content\/uploads\/2023\/06\/121.png\" alt=\"MODELO ROP\" \/><figcaption class=\"elementor-image-carousel-caption\">MODELO ROP<\/figcaption><\/figure><\/div><div class=\"swiper-slide\" role=\"group\" aria-roledescription=\"slide\" aria-label=\"5 de 6\"><figure class=\"swiper-slide-inner\"><img decoding=\"async\" class=\"swiper-slide-image\" src=\"https:\/\/www.tkth.com.br\/novo\/wp-content\/uploads\/2025\/03\/397-min.png\" alt=\"MODELO MINI 350X350\" \/><figcaption class=\"elementor-image-carousel-caption\">MODELO MINI 350X350<\/figcaption><\/figure><\/div><div class=\"swiper-slide\" role=\"group\" aria-roledescription=\"slide\" aria-label=\"6 de 6\"><figure class=\"swiper-slide-inner\"><img decoding=\"async\" class=\"swiper-slide-image\" src=\"https:\/\/www.tkth.com.br\/novo\/wp-content\/uploads\/2025\/03\/396-min.png\" alt=\"MODELO MINI 350X350\" \/><figcaption class=\"elementor-image-carousel-caption\">MODELO MINI 350X350<\/figcaption><\/figure><\/div>\t\t\t<\/div>\n\t\t\t\t\t\t\t\t\t\t\t\t<div class=\"elementor-swiper-button elementor-swiper-button-prev\" role=\"button\" tabindex=\"0\">\n\t\t\t\t\t\t<i aria-hidden=\"true\" class=\"eicon-chevron-left\"><\/i>\t\t\t\t\t<\/div>\n\t\t\t\t\t<div class=\"elementor-swiper-button elementor-swiper-button-next\" role=\"button\" tabindex=\"0\">\n\t\t\t\t\t\t<i aria-hidden=\"true\" class=\"eicon-chevron-right\"><\/i>\t\t\t\t\t<\/div>\n\t\t\t\t\n\t\t\t\t\t\t\t\t\t<\/div>\n\t\t\t\t\t\t<\/div>\n\t\t\t\t<\/div>\n\t\t\t\t\t<\/div>\n\t\t<\/div>\n\t\t\t\t\t<\/div>\n\t\t<\/section>\n\t\t\t\t<section class=\"elementor-section elementor-top-section elementor-element elementor-element-61d5ee9f elementor-section-height-min-height elementor-section-items-top elementor-section-boxed elementor-section-height-default\" data-id=\"61d5ee9f\" data-element_type=\"section\" data-e-type=\"section\" data-settings=\"{&quot;background_background&quot;:&quot;classic&quot;}\">\n\t\t\t\t\t\t<div class=\"elementor-container elementor-column-gap-default\">\n\t\t\t\t\t<div class=\"elementor-column elementor-col-100 elementor-top-column elementor-element elementor-element-d49a923\" data-id=\"d49a923\" data-element_type=\"column\" data-e-type=\"column\" data-settings=\"{&quot;background_background&quot;:&quot;classic&quot;}\">\n\t\t\t<div class=\"elementor-widget-wrap elementor-element-populated\">\n\t\t\t\t\t\t<div class=\"elementor-element elementor-element-71379dc6 elementor-widget elementor-widget-eael-adv-tabs\" data-id=\"71379dc6\" data-element_type=\"widget\" data-e-type=\"widget\" data-widget_type=\"eael-adv-tabs.default\">\n\t\t\t\t<div class=\"elementor-widget-container\">\n\t\t\t\t\t        <div data-scroll-on-click=\"no\" data-scroll-speed=\"300\" id=\"eael-advance-tabs-71379dc6\" class=\"eael-advance-tabs eael-tabs-horizontal eael-tab-auto-active \" data-tabid=\"71379dc6\">\n            <div class=\"eael-tabs-nav \">\n                <ul class=\"\" role=\"tablist\">\n                                            <li id=\"descrio\" class=\"active-default eael-tab-item-trigger eael-tab-nav-item\" aria-selected=\"true\" data-tab=\"1\" role=\"tab\" tabindex=\"0\" aria-controls=\"descrio-tab\" aria-expanded=\"false\">\n                            \n                            \n                            \n                                                            <span class=\"eael-tab-title title-after-icon\" >Descri\u00e7\u00e3o<\/span>                                                    <\/li>\n                                            <li id=\"datasheet\" class=\" eael-tab-item-trigger eael-tab-nav-item\" aria-selected=\"false\" data-tab=\"2\" role=\"tab\" tabindex=\"-1\" aria-controls=\"datasheet-tab\" aria-expanded=\"false\">\n                            \n                            \n                            \n                                                            <span class=\"eael-tab-title title-after-icon\" >Datasheet<\/span>                                                    <\/li>\n                                            <li id=\"vdeos\" class=\" eael-tab-item-trigger eael-tab-nav-item\" aria-selected=\"false\" data-tab=\"3\" role=\"tab\" tabindex=\"-1\" aria-controls=\"vdeos-tab\" aria-expanded=\"false\">\n                            \n                            \n                            \n                                                            <span class=\"eael-tab-title title-after-icon\" >V\u00eddeos<\/span>                                                    <\/li>\n                    \n                                       <div class=\"eael-tabs-glassey-svg\">\n                        <svg style=\"display: none\">\n                           <filter id=\"switcher\" x=\"0\" y=\"0\" width=\"100%\" height=\"100%\" filterUnits=\"objectBoundingBox\">\n                              <feTurbulence type=\"fractalNoise\" baseFrequency=\"0.003 0.007\" numOctaves=\"1\" result=\"turbulence\" \/>\n                              <feDisplacementMap in=\"SourceGraphic\" in2=\"turbulence\" scale=\"200\" xChannelSelector=\"R\" yChannelSelector=\"G\" \/>\n                           <\/filter>\n                        <\/svg>\n                     <\/div>\n                                     <\/ul>\n            <\/div>\n            \n            <div class=\"eael-tabs-content\">\n\t\t        \n                    <div id=\"descrio-tab\" class=\"clearfix eael-tab-content-item active-default\" data-title-link=\"descrio-tab\">\n\t\t\t\t        <p>Os Racks Organizadores para CFTV, desenvolvidos para oferecer uma solu\u00e7\u00e3o completa de armazenamento, organiza\u00e7\u00e3o e prote\u00e7\u00e3o para os equipamentos do seu sistema de monitoramento. Al\u00e9m de garantir a seguran\u00e7a dos seus dispositivos, esses racks proporcionam uma estrutura eficiente para a organiza\u00e7\u00e3o dos cabos, contribuindo para um sistema mais confi\u00e1vel e de f\u00e1cil manuten\u00e7\u00e3o. Dispon\u00edveis em modelos com capacidade de carga est\u00e1tica de at\u00e9 12 kg (ROB) ou 15 kg (ROP e Mini Rack 350&#215;350), permitindo acomodar seus equipamentos com seguran\u00e7a.<\/p><p><strong>Funcionalidades:<\/strong><\/p><blockquote><p>&#8211; Projetados para acondicionar e proteger equipamentos essenciais para sistemas de c\u00e2meras, garantindo a integridade dos seus dispositivos de monitoramento;<\/p><p>&#8211; Oferecem uma estrutura eficiente para a organiza\u00e7\u00e3o dos cabos de conex\u00e3o, evitando emaranhados e facilitando a identifica\u00e7\u00e3o e manuten\u00e7\u00e3o;<\/p><p>&#8211; Possuem predisposi\u00e7\u00e3o para a instala\u00e7\u00e3o de ventiladores de exaust\u00e3o nas laterais (n\u00e3o inclusos), permitindo melhorar a circula\u00e7\u00e3o de ar e manter a temperatura ideal dos equipamentos;<\/p><p>&#8211; Contam com entradas de cabos na parte superior e inferior, facilitando a passagem e organiza\u00e7\u00e3o dos fios, tornando a instala\u00e7\u00e3o e a manuten\u00e7\u00e3o mais pr\u00e1ticas;<\/p><p>&#8211; Equipados com porta frontal com fecho Yale e chave, garantindo a seguran\u00e7a dos seus equipamentos contra acesso n\u00e3o autorizado e poss\u00edveis furtos.<\/p><\/blockquote>                    <\/div>\n\t\t        \n                    <div id=\"datasheet-tab\" class=\"clearfix eael-tab-content-item \" data-title-link=\"datasheet-tab\">\n\t\t\t\t        <blockquote><p>&#8211; ROP e ROB &gt;&gt; <a href=\"http:\/\/tkth.com.br\/novo\/datasheets\/ds_ROP-ROB_rev01.pdf\"><em><strong>Download<\/strong><\/em><\/a><\/p><p>&#8211; Mini 350&#215;350 &gt;&gt; <a href=\"http:\/\/tkth.com.br\/novo\/datasheets\/ds_350x350_rev00.pdf\"><strong>Download<\/strong><\/a><\/p><\/blockquote>                    <\/div>\n\t\t        \n                    <div id=\"vdeos-tab\" class=\"clearfix eael-tab-content-item \" data-title-link=\"vdeos-tab\">\n\t\t\t\t        <style>.elementor-widget-section [data-tippy-root] > .tippy-box{color:var( --e-global-color-primary );background-color:var( --e-global-color-primary );font-family:var( --e-global-typography-accent-font-family ), Sans-serif;font-weight:var( --e-global-typography-accent-font-weight );}.elementor-widget-section [data-tippy-root] > .tippy-box .tippy-arrow{color:var( --e-global-color-primary );}.elementor-widget-column [data-tippy-root] > .tippy-box{color:var( --e-global-color-primary );background-color:var( --e-global-color-primary );font-family:var( --e-global-typography-accent-font-family ), Sans-serif;font-weight:var( --e-global-typography-accent-font-weight );}.elementor-widget-column [data-tippy-root] > .tippy-box .tippy-arrow{color:var( --e-global-color-primary );}.elementor-widget-eael-sticky-video [data-tippy-root] > .tippy-box{color:var( --e-global-color-primary );background-color:var( --e-global-color-primary );font-family:var( --e-global-typography-accent-font-family ), Sans-serif;font-weight:var( --e-global-typography-accent-font-weight );}.elementor-widget-eael-sticky-video [data-tippy-root] > .tippy-box .tippy-arrow{color:var( --e-global-color-primary );}.elementor-widget-eael-sticky-video .wpcf7 input:not([type=\"submit\"]){background-color:var( --e-global-color-primary );}.elementor-widget-eael-sticky-video .wpcf7 select{background-color:var( --e-global-color-primary );}.elementor-widget-eael-sticky-video .wpcf7 textarea{background-color:var( --e-global-color-primary );}.elementor-widget-eael-sticky-video .wpcf7 label{font-family:var( --e-global-typography-primary-font-family ), Sans-serif;font-weight:var( --e-global-typography-primary-font-weight );color:var( --e-global-color-primary );}.elementor-widget-eael-sticky-video ::placeholder{font-family:var( --e-global-typography-primary-font-family ), Sans-serif;font-weight:var( --e-global-typography-primary-font-weight );color:var( --e-global-color-primary );}.elementor-widget-eael-sticky-video .wpcf7-submit{font-family:var( --e-global-typography-primary-font-family ), Sans-serif;font-weight:var( --e-global-typography-primary-font-weight );color:var( --e-global-color-primary );background-color:var( --e-global-color-primary );}.elementor-widget-eael-sticky-video .wpcf7 input[type=\"submit\"]:hover{color:var( --e-global-color-primary );background-color:var( --e-global-color-primary );}.elementor-5336 .elementor-element.elementor-element-f3404b6 .eael-sticky-video-wrapper{border-style:none;}.elementor-5336 .elementor-element.elementor-element-f3404b6 .plyr__control.plyr__tab-focus{box-shadow:0 0 0 5px #ADD8E6!important;}.elementor-5336 .elementor-element.elementor-element-f3404b6 .plyr__control--overlaid{background:#ADD8E6!important;padding:15px;}.elementor-5336 .elementor-element.elementor-element-f3404b6 .plyr--video .plyr__control.plyr__tab-focus{background:#ADD8E6!important;}.elementor-5336 .elementor-element.elementor-element-f3404b6 .plyr--video .plyr__control:hover{background:#ADD8E6!important;}.elementor-5336 .elementor-element.elementor-element-f3404b6 .plyr--video .plyr__controls{padding:10px;}.elementor-5336 .elementor-element.elementor-element-f3404b6 > .elementor-widget-container{border-radius:0px 0px 0px 0px;}<\/style>\t\t<div data-elementor-type=\"page\" data-elementor-id=\"5336\" class=\"elementor elementor-5336\" data-elementor-post-type=\"elementor_library\">\n\t\t\t\t\t\t<section class=\"elementor-section elementor-top-section elementor-element elementor-element-ea8803b elementor-section-boxed elementor-section-height-default elementor-section-height-default\" data-id=\"ea8803b\" data-element_type=\"section\" data-e-type=\"section\">\n\t\t\t\t\t\t<div class=\"elementor-container elementor-column-gap-default\">\n\t\t\t\t\t<div class=\"elementor-column elementor-col-33 elementor-top-column elementor-element elementor-element-b4cc224\" data-id=\"b4cc224\" data-element_type=\"column\" data-e-type=\"column\">\n\t\t\t<div class=\"elementor-widget-wrap elementor-element-populated\">\n\t\t\t\t\t\t<div class=\"elementor-element elementor-element-f3404b6 elementor-widget elementor-widget-eael-sticky-video\" data-id=\"f3404b6\" data-element_type=\"widget\" data-e-type=\"widget\" data-widget_type=\"eael-sticky-video.default\">\n\t\t\t\t<div class=\"elementor-widget-container\">\n\t\t\t\t\t<div class=\"eael-sticky-video-wrapper eaelsv-overlay-visibility-\"><div class=\"eael-sticky-video-player2\" data-sticky=\"\" data-position=\"\" data-sheight=\"169\" data-swidth=\"300\" data-scroll_height=\"\" data-autoplay=\"no\" data-overlay=\"no\"><div\n\t\t\tid=\"eaelsv-player-f3404b6\"\n\t\t\tdata-plyr-provider=\"youtube\"\n\t\t\tdata-plyr-embed-id=\"0l08daUcuZg\"\n\t\t\tdata-plyr-config=\"{&quot;storage&quot;: {&quot;enabled&quot;: false, &quot;key&quot;: &quot;plyr&quot;}, &quot;autoplay&quot;:0, &quot;muted&quot;:0, &quot;loop&quot;: {&quot;active&quot;: false}}\"\n\t\t><\/div>\n\t\t\t\t<span class=\"eaelsv-sticky-player-close\"><i class=\"fas fa-times-circle\"><\/i><\/span>\n\t\t\t<\/div>\n\t\t<\/div>\t\t\t\t<\/div>\n\t\t\t\t<\/div>\n\t\t\t\t\t<\/div>\n\t\t<\/div>\n\t\t\t\t<div class=\"elementor-column elementor-col-33 elementor-top-column elementor-element elementor-element-c0db17b\" data-id=\"c0db17b\" data-element_type=\"column\" data-e-type=\"column\">\n\t\t\t<div class=\"elementor-widget-wrap\">\n\t\t\t\t\t\t\t<\/div>\n\t\t<\/div>\n\t\t\t\t<div class=\"elementor-column elementor-col-33 elementor-top-column elementor-element elementor-element-d49068d\" data-id=\"d49068d\" data-element_type=\"column\" data-e-type=\"column\">\n\t\t\t<div class=\"elementor-widget-wrap\">\n\t\t\t\t\t\t\t<\/div>\n\t\t<\/div>\n\t\t\t\t\t<\/div>\n\t\t<\/section>\n\t\t\t\t<section class=\"elementor-section elementor-top-section elementor-element elementor-element-b5a8797 elementor-section-boxed elementor-section-height-default elementor-section-height-default\" data-id=\"b5a8797\" data-element_type=\"section\" data-e-type=\"section\">\n\t\t\t\t\t\t<div class=\"elementor-container elementor-column-gap-default\">\n\t\t\t\t\t<div class=\"elementor-column elementor-col-33 elementor-top-column elementor-element elementor-element-bac1a7c\" data-id=\"bac1a7c\" data-element_type=\"column\" data-e-type=\"column\">\n\t\t\t<div class=\"elementor-widget-wrap\">\n\t\t\t\t\t\t\t<\/div>\n\t\t<\/div>\n\t\t\t\t<div class=\"elementor-column elementor-col-33 elementor-top-column elementor-element elementor-element-5ed1b67\" data-id=\"5ed1b67\" data-element_type=\"column\" data-e-type=\"column\">\n\t\t\t<div class=\"elementor-widget-wrap\">\n\t\t\t\t\t\t\t<\/div>\n\t\t<\/div>\n\t\t\t\t<div class=\"elementor-column elementor-col-33 elementor-top-column elementor-element elementor-element-0210463\" data-id=\"0210463\" data-element_type=\"column\" data-e-type=\"column\">\n\t\t\t<div class=\"elementor-widget-wrap\">\n\t\t\t\t\t\t\t<\/div>\n\t\t<\/div>\n\t\t\t\t\t<\/div>\n\t\t<\/section>\n\t\t\t\t<\/div>\n\t\t                    <\/div>\n\t\t                    <\/div>\n        <\/div>\n\t\t\t\t<\/div>\n\t\t\t\t<\/div>\n\t\t\t\t\t<\/div>\n\t\t<\/div>\n\t\t\t\t\t<\/div>\n\t\t<\/section>\n\t\t\t\t<\/div>\n\t\t","protected":false},"excerpt":{"rendered":"<p>MET\u00c1LICOS RACK ORGANIZADOR Solu\u00e7\u00e3o de qualidade para armazenar, organizar e proteger seus equipamentos de sistemas de c\u00e2meras! MODELO ROB MODELO ROB MODELO ROP MODELO ROP MODELO MINI 350X350 MODELO MINI 350X350 Descri\u00e7\u00e3o Datasheet V\u00eddeos Os Racks Organizadores para CFTV, desenvolvidos para oferecer uma solu\u00e7\u00e3o completa de armazenamento, organiza\u00e7\u00e3o e prote\u00e7\u00e3o para os equipamentos do seu [&hellip;]<\/p>\n","protected":false},"author":3,"featured_media":3006,"parent":0,"menu_order":0,"comment_status":"closed","ping_status":"closed","template":"","meta":{"_acf_changed":false,"footnotes":""},"class_list":["post-2999","page","type-page","status-publish","has-post-thumbnail","hentry"],"acf":[],"_links":{"self":[{"href":"https:\/\/www.tkth.com.br\/novo\/wp-json\/wp\/v2\/pages\/2999","targetHints":{"allow":["GET"]}}],"collection":[{"href":"https:\/\/www.tkth.com.br\/novo\/wp-json\/wp\/v2\/pages"}],"about":[{"href":"https:\/\/www.tkth.com.br\/novo\/wp-json\/wp\/v2\/types\/page"}],"author":[{"embeddable":true,"href":"https:\/\/www.tkth.com.br\/novo\/wp-json\/wp\/v2\/users\/3"}],"replies":[{"embeddable":true,"href":"https:\/\/www.tkth.com.br\/novo\/wp-json\/wp\/v2\/comments?post=2999"}],"version-history":[{"count":37,"href":"https:\/\/www.tkth.com.br\/novo\/wp-json\/wp\/v2\/pages\/2999\/revisions"}],"predecessor-version":[{"id":10706,"href":"https:\/\/www.tkth.com.br\/novo\/wp-json\/wp\/v2\/pages\/2999\/revisions\/10706"}],"wp:featuredmedia":[{"embeddable":true,"href":"https:\/\/www.tkth.com.br\/novo\/wp-json\/wp\/v2\/media\/3006"}],"wp:attachment":[{"href":"https:\/\/www.tkth.com.br\/novo\/wp-json\/wp\/v2\/media?parent=2999"}],"curies":[{"name":"wp","href":"https:\/\/api.w.org\/{rel}","templated":true}]}}