{"id":3158,"date":"2023-06-26T11:16:15","date_gmt":"2023-06-26T14:16:15","guid":{"rendered":"https:\/\/www.tkth.com.br\/novo\/?page_id=3158"},"modified":"2025-12-16T10:52:59","modified_gmt":"2025-12-16T13:52:59","slug":"regua-de-tomada","status":"publish","type":"page","link":"https:\/\/www.tkth.com.br\/novo\/regua-de-tomada\/","title":{"rendered":"R\u00c9GUA DE TOMADA"},"content":{"rendered":"\t\t<div data-elementor-type=\"wp-page\" data-elementor-id=\"3158\" class=\"elementor elementor-3158\" data-elementor-post-type=\"page\">\n\t\t\t\t\t\t<section class=\"elementor-section elementor-top-section elementor-element elementor-element-5751fe4 elementor-section-height-min-height elementor-section-items-top elementor-section-boxed elementor-section-height-default\" data-id=\"5751fe4\" data-element_type=\"section\" data-e-type=\"section\" data-settings=\"{&quot;background_background&quot;:&quot;classic&quot;}\">\n\t\t\t\t\t\t<div class=\"elementor-container elementor-column-gap-default\">\n\t\t\t\t\t<div class=\"elementor-column elementor-col-50 elementor-top-column elementor-element elementor-element-81d08d6\" data-id=\"81d08d6\" data-element_type=\"column\" data-e-type=\"column\" data-settings=\"{&quot;background_background&quot;:&quot;classic&quot;}\">\n\t\t\t<div class=\"elementor-widget-wrap elementor-element-populated\">\n\t\t\t\t\t\t<div class=\"elementor-element elementor-element-0edf856 elementor-widget elementor-widget-heading\" data-id=\"0edf856\" data-element_type=\"widget\" data-e-type=\"widget\" data-widget_type=\"heading.default\">\n\t\t\t\t<div class=\"elementor-widget-container\">\n\t\t\t\t\t<h2 class=\"elementor-heading-title elementor-size-default\">ACESS\u00d3RIOS<\/h2>\t\t\t\t<\/div>\n\t\t\t\t<\/div>\n\t\t\t\t<div class=\"elementor-element elementor-element-0bae7a1 elementor-widget elementor-widget-heading\" data-id=\"0bae7a1\" data-element_type=\"widget\" data-e-type=\"widget\" data-widget_type=\"heading.default\">\n\t\t\t\t<div class=\"elementor-widget-container\">\n\t\t\t\t\t<h2 class=\"elementor-heading-title elementor-size-default\">R\u00c9GUA DE TOMADA<\/h2>\t\t\t\t<\/div>\n\t\t\t\t<\/div>\n\t\t\t\t<div class=\"elementor-element elementor-element-85989da elementor-widget__width-initial elementor-widget elementor-widget-heading\" data-id=\"85989da\" data-element_type=\"widget\" data-e-type=\"widget\" data-widget_type=\"heading.default\">\n\t\t\t\t<div class=\"elementor-widget-container\">\n\t\t\t\t\t<h2 class=\"elementor-heading-title elementor-size-default\">Ideal para atender \u00e0s suas necessidades de alimenta\u00e7\u00e3o de equipamentos instalados em racks de 19 polegadas!<\/h2>\t\t\t\t<\/div>\n\t\t\t\t<\/div>\n\t\t\t\t\t<\/div>\n\t\t<\/div>\n\t\t\t\t<div class=\"elementor-column elementor-col-50 elementor-top-column elementor-element elementor-element-56d17d8\" data-id=\"56d17d8\" data-element_type=\"column\" data-e-type=\"column\" data-settings=\"{&quot;background_background&quot;:&quot;classic&quot;}\">\n\t\t\t<div class=\"elementor-widget-wrap elementor-element-populated\">\n\t\t\t\t\t\t<div class=\"elementor-element elementor-element-8252900 elementor-arrows-position-inside elementor-widget elementor-widget-image-carousel\" data-id=\"8252900\" data-element_type=\"widget\" data-e-type=\"widget\" data-settings=\"{&quot;slides_to_show&quot;:&quot;1&quot;,&quot;navigation&quot;:&quot;arrows&quot;,&quot;_animation&quot;:&quot;none&quot;,&quot;autoplay&quot;:&quot;yes&quot;,&quot;pause_on_hover&quot;:&quot;yes&quot;,&quot;pause_on_interaction&quot;:&quot;yes&quot;,&quot;autoplay_speed&quot;:5000,&quot;infinite&quot;:&quot;yes&quot;,&quot;effect&quot;:&quot;slide&quot;,&quot;speed&quot;:500}\" data-widget_type=\"image-carousel.default\">\n\t\t\t\t<div class=\"elementor-widget-container\">\n\t\t\t\t\t\t\t<div class=\"elementor-image-carousel-wrapper swiper\" role=\"region\" aria-roledescription=\"carousel\" aria-label=\"Carrossel de imagens\" dir=\"ltr\">\n\t\t\t<div class=\"elementor-image-carousel swiper-wrapper\" aria-live=\"off\">\n\t\t\t\t\t\t\t\t<div class=\"swiper-slide\" role=\"group\" aria-roledescription=\"slide\" aria-label=\"1 de 2\"><figure class=\"swiper-slide-inner\"><img decoding=\"async\" class=\"swiper-slide-image\" src=\"https:\/\/www.tkth.com.br\/novo\/wp-content\/uploads\/2023\/06\/143.png\" alt=\"MODELO 8 TOMADAS\" \/><figcaption class=\"elementor-image-carousel-caption\">MODELO 8 TOMADAS<\/figcaption><\/figure><\/div><div class=\"swiper-slide\" role=\"group\" aria-roledescription=\"slide\" aria-label=\"2 de 2\"><figure class=\"swiper-slide-inner\"><img decoding=\"async\" class=\"swiper-slide-image\" src=\"https:\/\/www.tkth.com.br\/novo\/wp-content\/uploads\/2023\/06\/145.png\" alt=\"MODELO 12 TOMADAS\" \/><figcaption class=\"elementor-image-carousel-caption\">MODELO 12 TOMADAS<\/figcaption><\/figure><\/div>\t\t\t<\/div>\n\t\t\t\t\t\t\t\t\t\t\t\t<div class=\"elementor-swiper-button elementor-swiper-button-prev\" role=\"button\" tabindex=\"0\">\n\t\t\t\t\t\t<i aria-hidden=\"true\" class=\"eicon-chevron-left\"><\/i>\t\t\t\t\t<\/div>\n\t\t\t\t\t<div class=\"elementor-swiper-button elementor-swiper-button-next\" role=\"button\" tabindex=\"0\">\n\t\t\t\t\t\t<i aria-hidden=\"true\" class=\"eicon-chevron-right\"><\/i>\t\t\t\t\t<\/div>\n\t\t\t\t\n\t\t\t\t\t\t\t\t\t<\/div>\n\t\t\t\t\t\t<\/div>\n\t\t\t\t<\/div>\n\t\t\t\t\t<\/div>\n\t\t<\/div>\n\t\t\t\t\t<\/div>\n\t\t<\/section>\n\t\t\t\t<section class=\"elementor-section elementor-top-section elementor-element elementor-element-61d5ee9f elementor-section-height-min-height elementor-section-items-top elementor-section-boxed elementor-section-height-default\" data-id=\"61d5ee9f\" data-element_type=\"section\" data-e-type=\"section\" data-settings=\"{&quot;background_background&quot;:&quot;classic&quot;}\">\n\t\t\t\t\t\t<div class=\"elementor-container elementor-column-gap-default\">\n\t\t\t\t\t<div class=\"elementor-column elementor-col-100 elementor-top-column elementor-element elementor-element-d49a923\" data-id=\"d49a923\" data-element_type=\"column\" data-e-type=\"column\" data-settings=\"{&quot;background_background&quot;:&quot;classic&quot;}\">\n\t\t\t<div class=\"elementor-widget-wrap elementor-element-populated\">\n\t\t\t\t\t\t<div class=\"elementor-element elementor-element-71379dc6 elementor-widget elementor-widget-eael-adv-tabs\" data-id=\"71379dc6\" data-element_type=\"widget\" data-e-type=\"widget\" data-widget_type=\"eael-adv-tabs.default\">\n\t\t\t\t<div class=\"elementor-widget-container\">\n\t\t\t\t\t        <div data-scroll-on-click=\"no\" data-scroll-speed=\"300\" id=\"eael-advance-tabs-71379dc6\" class=\"eael-advance-tabs eael-tabs-horizontal eael-tab-auto-active \" data-tabid=\"71379dc6\">\n            <div class=\"eael-tabs-nav \">\n                <ul class=\"\" role=\"tablist\">\n                                            <li id=\"descrio\" class=\"active-default eael-tab-item-trigger eael-tab-nav-item\" aria-selected=\"true\" data-tab=\"1\" role=\"tab\" tabindex=\"0\" aria-controls=\"descrio-tab\" aria-expanded=\"false\">\n                            \n                            \n                            \n                                                            <span class=\"eael-tab-title title-after-icon\" >Descri\u00e7\u00e3o<\/span>                                                    <\/li>\n                                            <li id=\"datasheet\" class=\" eael-tab-item-trigger eael-tab-nav-item\" aria-selected=\"false\" data-tab=\"2\" role=\"tab\" tabindex=\"-1\" aria-controls=\"datasheet-tab\" aria-expanded=\"false\">\n                            \n                            \n                            \n                                                            <span class=\"eael-tab-title title-after-icon\" >Datasheet<\/span>                                                    <\/li>\n                    \n                                       <div class=\"eael-tabs-glassey-svg\">\n                        <svg style=\"display: none\">\n                           <filter id=\"switcher\" x=\"0\" y=\"0\" width=\"100%\" height=\"100%\" filterUnits=\"objectBoundingBox\">\n                              <feTurbulence type=\"fractalNoise\" baseFrequency=\"0.003 0.007\" numOctaves=\"1\" result=\"turbulence\" \/>\n                              <feDisplacementMap in=\"SourceGraphic\" in2=\"turbulence\" scale=\"200\" xChannelSelector=\"R\" yChannelSelector=\"G\" \/>\n                           <\/filter>\n                        <\/svg>\n                     <\/div>\n                                     <\/ul>\n            <\/div>\n            \n            <div class=\"eael-tabs-content\">\n\t\t        \n                    <div id=\"descrio-tab\" class=\"clearfix eael-tab-content-item active-default\" data-title-link=\"descrio-tab\">\n\t\t\t\t        <p>Apresentamos a R\u00e9gua de Tomada 10A, a solu\u00e7\u00e3o essencial para garantir uma alimenta\u00e7\u00e3o el\u00e9trica segura e eficiente para os seus dispositivos em racks.<\/p><p><strong>Funcionalidades:<\/strong><\/p><blockquote><p>&#8211; Oferece op\u00e7\u00f5es com 8 ou 12 tomadas, permitindo conectar diversos equipamentos simultaneamente;<\/p><p>&#8211; Dispon\u00edvel em modelos para 127V e 220V, garantindo a compatibilidade com a voltagem dos seus dispositivos;<\/p><p>&#8211; Projetada para fornecer uma distribui\u00e7\u00e3o de energia segura e est\u00e1vel para todos os equipamentos conectados;<\/p><p>&#8211; Fabricada para instala\u00e7\u00e3o em racks padr\u00e3o 19&#8243;, otimizando o espa\u00e7o e a organiza\u00e7\u00e3o da sua infraestrutura;<\/p><p>&#8211; Incorpora mecanismos de prote\u00e7\u00e3o contra sobrecarga, prevenindo danos aos equipamentos conectados em caso de picos de energia;<\/p><p>&#8211; Fabricada com materiais resistentes, garantindo a durabilidade e a seguran\u00e7a da distribui\u00e7\u00e3o de energia em seu ambiente de TI.<\/p><\/blockquote>                    <\/div>\n\t\t        \n                    <div id=\"datasheet-tab\" class=\"clearfix eael-tab-content-item \" data-title-link=\"datasheet-tab\">\n\t\t\t\t        <blockquote><p>&#8211; <strong><a href=\"http:\/\/tkth.com.br\/novo\/datasheets\/ds_regua_tomada_rev01.pdf\">Download<\/a><\/strong><\/p><\/blockquote>                    <\/div>\n\t\t                    <\/div>\n        <\/div>\n\t\t\t\t<\/div>\n\t\t\t\t<\/div>\n\t\t\t\t\t<\/div>\n\t\t<\/div>\n\t\t\t\t\t<\/div>\n\t\t<\/section>\n\t\t\t\t<\/div>\n\t\t","protected":false},"excerpt":{"rendered":"<p>ACESS\u00d3RIOS R\u00c9GUA DE TOMADA Ideal para atender \u00e0s suas necessidades de alimenta\u00e7\u00e3o de equipamentos instalados em racks de 19 polegadas! MODELO 8 TOMADAS MODELO 12 TOMADAS Descri\u00e7\u00e3o Datasheet Apresentamos a R\u00e9gua de Tomada 10A, a solu\u00e7\u00e3o essencial para garantir uma alimenta\u00e7\u00e3o el\u00e9trica segura e eficiente para os seus dispositivos em racks. Funcionalidades: &#8211; Oferece op\u00e7\u00f5es [&hellip;]<\/p>\n","protected":false},"author":3,"featured_media":3161,"parent":0,"menu_order":0,"comment_status":"closed","ping_status":"closed","template":"","meta":{"_acf_changed":false,"footnotes":""},"class_list":["post-3158","page","type-page","status-publish","has-post-thumbnail","hentry"],"acf":[],"_links":{"self":[{"href":"https:\/\/www.tkth.com.br\/novo\/wp-json\/wp\/v2\/pages\/3158","targetHints":{"allow":["GET"]}}],"collection":[{"href":"https:\/\/www.tkth.com.br\/novo\/wp-json\/wp\/v2\/pages"}],"about":[{"href":"https:\/\/www.tkth.com.br\/novo\/wp-json\/wp\/v2\/types\/page"}],"author":[{"embeddable":true,"href":"https:\/\/www.tkth.com.br\/novo\/wp-json\/wp\/v2\/users\/3"}],"replies":[{"embeddable":true,"href":"https:\/\/www.tkth.com.br\/novo\/wp-json\/wp\/v2\/comments?post=3158"}],"version-history":[{"count":34,"href":"https:\/\/www.tkth.com.br\/novo\/wp-json\/wp\/v2\/pages\/3158\/revisions"}],"predecessor-version":[{"id":10750,"href":"https:\/\/www.tkth.com.br\/novo\/wp-json\/wp\/v2\/pages\/3158\/revisions\/10750"}],"wp:featuredmedia":[{"embeddable":true,"href":"https:\/\/www.tkth.com.br\/novo\/wp-json\/wp\/v2\/media\/3161"}],"wp:attachment":[{"href":"https:\/\/www.tkth.com.br\/novo\/wp-json\/wp\/v2\/media?parent=3158"}],"curies":[{"name":"wp","href":"https:\/\/api.w.org\/{rel}","templated":true}]}}