{"id":4033,"date":"2023-06-29T13:59:49","date_gmt":"2023-06-29T16:59:49","guid":{"rendered":"https:\/\/www.tkth.com.br\/novo\/?page_id=4033"},"modified":"2025-12-10T18:32:16","modified_gmt":"2025-12-10T21:32:16","slug":"solucoes","status":"publish","type":"page","link":"https:\/\/www.tkth.com.br\/novo\/solucoes\/","title":{"rendered":"Solu\u00e7\u00f5es"},"content":{"rendered":"\t\t<div data-elementor-type=\"wp-page\" data-elementor-id=\"4033\" class=\"elementor elementor-4033\" data-elementor-post-type=\"page\">\n\t\t\t\t\t\t<section class=\"elementor-section elementor-top-section elementor-element elementor-element-33435410 elementor-section-boxed elementor-section-height-default elementor-section-height-default\" data-id=\"33435410\" data-element_type=\"section\" data-e-type=\"section\" data-settings=\"{&quot;background_background&quot;:&quot;classic&quot;}\">\n\t\t\t\t\t\t<div class=\"elementor-container elementor-column-gap-default\">\n\t\t\t\t\t<div class=\"elementor-column elementor-col-100 elementor-top-column elementor-element elementor-element-2edb16c7\" data-id=\"2edb16c7\" data-element_type=\"column\" data-e-type=\"column\" data-settings=\"{&quot;background_background&quot;:&quot;classic&quot;}\">\n\t\t\t<div class=\"elementor-widget-wrap elementor-element-populated\">\n\t\t\t\t\t\t<section class=\"elementor-section elementor-inner-section elementor-element elementor-element-724db2bc elementor-section-boxed elementor-section-height-default elementor-section-height-default\" data-id=\"724db2bc\" data-element_type=\"section\" data-e-type=\"section\">\n\t\t\t\t\t\t<div class=\"elementor-container elementor-column-gap-default\">\n\t\t\t\t\t<div class=\"elementor-column elementor-col-100 elementor-inner-column elementor-element elementor-element-7003f3de\" data-id=\"7003f3de\" data-element_type=\"column\" data-e-type=\"column\" data-settings=\"{&quot;background_background&quot;:&quot;classic&quot;}\">\n\t\t\t<div class=\"elementor-widget-wrap elementor-element-populated\">\n\t\t\t\t\t\t<div class=\"elementor-element elementor-element-39396320 elementor-widget elementor-widget-heading\" data-id=\"39396320\" data-element_type=\"widget\" data-e-type=\"widget\" data-widget_type=\"heading.default\">\n\t\t\t\t<div class=\"elementor-widget-container\">\n\t\t\t\t\t<h2 class=\"elementor-heading-title elementor-size-default\">Navegue por setores<\/h2>\t\t\t\t<\/div>\n\t\t\t\t<\/div>\n\t\t\t\t\t<\/div>\n\t\t<\/div>\n\t\t\t\t\t<\/div>\n\t\t<\/section>\n\t\t\t\t<div class=\"elementor-element elementor-element-412a0634 elementor-widget elementor-widget-image-carousel\" data-id=\"412a0634\" data-element_type=\"widget\" data-e-type=\"widget\" data-settings=\"{&quot;slides_to_show&quot;:&quot;4&quot;,&quot;navigation&quot;:&quot;none&quot;,&quot;image_spacing_custom&quot;:{&quot;unit&quot;:&quot;px&quot;,&quot;size&quot;:10,&quot;sizes&quot;:[]},&quot;slides_to_scroll&quot;:&quot;2&quot;,&quot;autoplay&quot;:&quot;yes&quot;,&quot;pause_on_hover&quot;:&quot;yes&quot;,&quot;pause_on_interaction&quot;:&quot;yes&quot;,&quot;autoplay_speed&quot;:5000,&quot;infinite&quot;:&quot;yes&quot;,&quot;speed&quot;:500,&quot;image_spacing_custom_tablet&quot;:{&quot;unit&quot;:&quot;px&quot;,&quot;size&quot;:&quot;&quot;,&quot;sizes&quot;:[]},&quot;image_spacing_custom_mobile&quot;:{&quot;unit&quot;:&quot;px&quot;,&quot;size&quot;:&quot;&quot;,&quot;sizes&quot;:[]}}\" data-widget_type=\"image-carousel.default\">\n\t\t\t\t<div class=\"elementor-widget-container\">\n\t\t\t\t\t\t\t<div class=\"elementor-image-carousel-wrapper swiper\" role=\"region\" aria-roledescription=\"carousel\" aria-label=\"Carrossel de imagens\" dir=\"ltr\">\n\t\t\t<div class=\"elementor-image-carousel swiper-wrapper\" aria-live=\"off\">\n\t\t\t\t\t\t\t\t<div class=\"swiper-slide\" role=\"group\" aria-roledescription=\"slide\" aria-label=\"1 de 4\"><a data-elementor-open-lightbox=\"yes\" data-elementor-lightbox-slideshow=\"412a0634\" data-elementor-lightbox-title=\"SITE-2\" data-e-action-hash=\"#elementor-action%3Aaction%3Dlightbox%26settings%3DeyJpZCI6ODQxNiwidXJsIjoiaHR0cHM6XC9cL3d3dy50a3RoLmNvbS5iclwvbm92b1wvd3AtY29udGVudFwvdXBsb2Fkc1wvMjAyNVwvMDNcL1NJVEUtMi5qcGciLCJzbGlkZXNob3ciOiI0MTJhMDYzNCJ9\" href=\"https:\/\/www.tkth.com.br\/novo\/eletronicos\/\"><figure class=\"swiper-slide-inner\"><img decoding=\"async\" class=\"swiper-slide-image\" src=\"https:\/\/www.tkth.com.br\/novo\/wp-content\/uploads\/2025\/03\/SITE-2.jpg\" alt=\"Eletr\u00f4nicos\" \/><figcaption class=\"elementor-image-carousel-caption\">Eletr\u00f4nicos<\/figcaption><\/figure><\/a><\/div><div class=\"swiper-slide\" role=\"group\" aria-roledescription=\"slide\" aria-label=\"2 de 4\"><a data-elementor-open-lightbox=\"yes\" data-elementor-lightbox-slideshow=\"412a0634\" data-elementor-lightbox-title=\"SITE-4\" data-e-action-hash=\"#elementor-action%3Aaction%3Dlightbox%26settings%3DeyJpZCI6ODQxOCwidXJsIjoiaHR0cHM6XC9cL3d3dy50a3RoLmNvbS5iclwvbm92b1wvd3AtY29udGVudFwvdXBsb2Fkc1wvMjAyNVwvMDNcL1NJVEUtNC5qcGciLCJzbGlkZXNob3ciOiI0MTJhMDYzNCJ9\" href=\"https:\/\/www.tkth.com.br\/novo\/eletronicos\/\"><figure class=\"swiper-slide-inner\"><img decoding=\"async\" class=\"swiper-slide-image\" src=\"https:\/\/www.tkth.com.br\/novo\/wp-content\/uploads\/2025\/03\/SITE-4.jpg\" alt=\"Injetados Pl\u00e1sticos\" \/><figcaption class=\"elementor-image-carousel-caption\">Injetados Pl\u00e1sticos<\/figcaption><\/figure><\/a><\/div><div class=\"swiper-slide\" role=\"group\" aria-roledescription=\"slide\" aria-label=\"3 de 4\"><a data-elementor-open-lightbox=\"yes\" data-elementor-lightbox-slideshow=\"412a0634\" data-elementor-lightbox-title=\"SITE-5\" data-e-action-hash=\"#elementor-action%3Aaction%3Dlightbox%26settings%3DeyJpZCI6ODQxOSwidXJsIjoiaHR0cHM6XC9cL3d3dy50a3RoLmNvbS5iclwvbm92b1wvd3AtY29udGVudFwvdXBsb2Fkc1wvMjAyNVwvMDNcL1NJVEUtNS5qcGciLCJzbGlkZXNob3ciOiI0MTJhMDYzNCJ9\" href=\"https:\/\/www.tkth.com.br\/novo\/eletronicos\/\"><figure class=\"swiper-slide-inner\"><img decoding=\"async\" class=\"swiper-slide-image\" src=\"https:\/\/www.tkth.com.br\/novo\/wp-content\/uploads\/2025\/03\/SITE-5.jpg\" alt=\"Met\u00e1licos\" \/><figcaption class=\"elementor-image-carousel-caption\">Met\u00e1licos<\/figcaption><\/figure><\/a><\/div><div class=\"swiper-slide\" role=\"group\" aria-roledescription=\"slide\" aria-label=\"4 de 4\"><a data-elementor-open-lightbox=\"yes\" data-elementor-lightbox-slideshow=\"412a0634\" data-elementor-lightbox-title=\"SITE-3\" data-e-action-hash=\"#elementor-action%3Aaction%3Dlightbox%26settings%3DeyJpZCI6ODQxNywidXJsIjoiaHR0cHM6XC9cL3d3dy50a3RoLmNvbS5iclwvbm92b1wvd3AtY29udGVudFwvdXBsb2Fkc1wvMjAyNVwvMDNcL1NJVEUtMy5qcGciLCJzbGlkZXNob3ciOiI0MTJhMDYzNCJ9\" href=\"https:\/\/www.tkth.com.br\/novo\/eletronicos\/\"><figure class=\"swiper-slide-inner\"><img decoding=\"async\" class=\"swiper-slide-image\" src=\"https:\/\/www.tkth.com.br\/novo\/wp-content\/uploads\/2025\/03\/SITE-3.jpg\" alt=\"Conectividade\" \/><figcaption class=\"elementor-image-carousel-caption\">Conectividade<\/figcaption><\/figure><\/a><\/div>\t\t\t<\/div>\n\t\t\t\t\t\t\t\n\t\t\t\t\t\t\t\t\t<\/div>\n\t\t\t\t\t\t<\/div>\n\t\t\t\t<\/div>\n\t\t\t\t\t<\/div>\n\t\t<\/div>\n\t\t\t\t\t<\/div>\n\t\t<\/section>\n\t\t\t\t<\/div>\n\t\t","protected":false},"excerpt":{"rendered":"<p>Navegue por setores Eletr\u00f4nicos Injetados Pl\u00e1sticos Met\u00e1licos Conectividade<\/p>\n","protected":false},"author":4,"featured_media":0,"parent":0,"menu_order":0,"comment_status":"closed","ping_status":"closed","template":"elementor_header_footer","meta":{"_acf_changed":false,"footnotes":""},"class_list":["post-4033","page","type-page","status-publish","hentry"],"acf":[],"_links":{"self":[{"href":"https:\/\/www.tkth.com.br\/novo\/wp-json\/wp\/v2\/pages\/4033","targetHints":{"allow":["GET"]}}],"collection":[{"href":"https:\/\/www.tkth.com.br\/novo\/wp-json\/wp\/v2\/pages"}],"about":[{"href":"https:\/\/www.tkth.com.br\/novo\/wp-json\/wp\/v2\/types\/page"}],"author":[{"embeddable":true,"href":"https:\/\/www.tkth.com.br\/novo\/wp-json\/wp\/v2\/users\/4"}],"replies":[{"embeddable":true,"href":"https:\/\/www.tkth.com.br\/novo\/wp-json\/wp\/v2\/comments?post=4033"}],"version-history":[{"count":86,"href":"https:\/\/www.tkth.com.br\/novo\/wp-json\/wp\/v2\/pages\/4033\/revisions"}],"predecessor-version":[{"id":10701,"href":"https:\/\/www.tkth.com.br\/novo\/wp-json\/wp\/v2\/pages\/4033\/revisions\/10701"}],"wp:attachment":[{"href":"https:\/\/www.tkth.com.br\/novo\/wp-json\/wp\/v2\/media?parent=4033"}],"curies":[{"name":"wp","href":"https:\/\/api.w.org\/{rel}","templated":true}]}}