{"id":4463,"date":"2023-07-03T16:36:35","date_gmt":"2023-07-03T19:36:35","guid":{"rendered":"https:\/\/www.tkth.com.br\/novo\/?page_id=4463"},"modified":"2025-11-13T15:24:20","modified_gmt":"2025-11-13T18:24:20","slug":"dio-slide","status":"publish","type":"page","link":"https:\/\/www.tkth.com.br\/novo\/dio-slide\/","title":{"rendered":"DIO SLIDE"},"content":{"rendered":"\t\t<div data-elementor-type=\"wp-page\" data-elementor-id=\"4463\" class=\"elementor elementor-4463\" data-elementor-post-type=\"page\">\n\t\t\t\t\t\t<section class=\"elementor-section elementor-top-section elementor-element elementor-element-5751fe4 elementor-section-height-min-height elementor-section-items-top elementor-section-boxed elementor-section-height-default\" data-id=\"5751fe4\" data-element_type=\"section\" data-e-type=\"section\" data-settings=\"{&quot;background_background&quot;:&quot;classic&quot;}\">\n\t\t\t\t\t\t<div class=\"elementor-container elementor-column-gap-default\">\n\t\t\t\t\t<div class=\"elementor-column elementor-col-50 elementor-top-column elementor-element elementor-element-81d08d6\" data-id=\"81d08d6\" data-element_type=\"column\" data-e-type=\"column\" data-settings=\"{&quot;background_background&quot;:&quot;classic&quot;}\">\n\t\t\t<div class=\"elementor-widget-wrap elementor-element-populated\">\n\t\t\t\t\t\t<div class=\"elementor-element elementor-element-0edf856 elementor-widget elementor-widget-heading\" data-id=\"0edf856\" data-element_type=\"widget\" data-e-type=\"widget\" data-widget_type=\"heading.default\">\n\t\t\t\t<div class=\"elementor-widget-container\">\n\t\t\t\t\t<h2 class=\"elementor-heading-title elementor-size-default\">MET\u00c1LICOS<\/h2>\t\t\t\t<\/div>\n\t\t\t\t<\/div>\n\t\t\t\t<div class=\"elementor-element elementor-element-0bae7a1 elementor-widget elementor-widget-heading\" data-id=\"0bae7a1\" data-element_type=\"widget\" data-e-type=\"widget\" data-widget_type=\"heading.default\">\n\t\t\t\t<div class=\"elementor-widget-container\">\n\t\t\t\t\t<h2 class=\"elementor-heading-title elementor-size-default\">DIO SLIDE<\/h2>\t\t\t\t<\/div>\n\t\t\t\t<\/div>\n\t\t\t\t<div class=\"elementor-element elementor-element-85989da elementor-widget__width-initial elementor-widget elementor-widget-heading\" data-id=\"85989da\" data-element_type=\"widget\" data-e-type=\"widget\" data-widget_type=\"heading.default\">\n\t\t\t\t<div class=\"elementor-widget-container\">\n\t\t\t\t\t<h2 class=\"elementor-heading-title elementor-size-default\">Solu\u00e7\u00e3o vers\u00e1til e de alta qualidade para espelhamento e fus\u00e3o de fibras \u00f3pticas!<\/h2>\t\t\t\t<\/div>\n\t\t\t\t<\/div>\n\t\t\t\t\t<\/div>\n\t\t<\/div>\n\t\t\t\t<div class=\"elementor-column elementor-col-50 elementor-top-column elementor-element elementor-element-56d17d8\" data-id=\"56d17d8\" data-element_type=\"column\" data-e-type=\"column\" data-settings=\"{&quot;background_background&quot;:&quot;classic&quot;}\">\n\t\t\t<div class=\"elementor-widget-wrap elementor-element-populated\">\n\t\t\t\t\t\t<div class=\"elementor-element elementor-element-8252900 elementor-arrows-position-inside elementor-widget elementor-widget-image-carousel\" data-id=\"8252900\" data-element_type=\"widget\" data-e-type=\"widget\" data-settings=\"{&quot;slides_to_show&quot;:&quot;1&quot;,&quot;navigation&quot;:&quot;arrows&quot;,&quot;_animation&quot;:&quot;none&quot;,&quot;autoplay&quot;:&quot;yes&quot;,&quot;pause_on_hover&quot;:&quot;yes&quot;,&quot;pause_on_interaction&quot;:&quot;yes&quot;,&quot;autoplay_speed&quot;:5000,&quot;infinite&quot;:&quot;yes&quot;,&quot;effect&quot;:&quot;slide&quot;,&quot;speed&quot;:500}\" data-widget_type=\"image-carousel.default\">\n\t\t\t\t<div class=\"elementor-widget-container\">\n\t\t\t\t\t\t\t<div class=\"elementor-image-carousel-wrapper swiper\" role=\"region\" aria-roledescription=\"carousel\" aria-label=\"Carrossel de imagens\" dir=\"ltr\">\n\t\t\t<div class=\"elementor-image-carousel swiper-wrapper\" aria-live=\"off\">\n\t\t\t\t\t\t\t\t<div class=\"swiper-slide\" role=\"group\" aria-roledescription=\"slide\" aria-label=\"1 de 8\"><figure class=\"swiper-slide-inner\"><img decoding=\"async\" class=\"swiper-slide-image\" src=\"https:\/\/www.tkth.com.br\/novo\/wp-content\/uploads\/2023\/07\/267.png\" alt=\"MODELO 1U\" \/><figcaption class=\"elementor-image-carousel-caption\">MODELO 1U<\/figcaption><\/figure><\/div><div class=\"swiper-slide\" role=\"group\" aria-roledescription=\"slide\" aria-label=\"2 de 8\"><figure class=\"swiper-slide-inner\"><img decoding=\"async\" class=\"swiper-slide-image\" src=\"https:\/\/www.tkth.com.br\/novo\/wp-content\/uploads\/2023\/07\/268.png\" alt=\"MODELO 1U\" \/><figcaption class=\"elementor-image-carousel-caption\">MODELO 1U<\/figcaption><\/figure><\/div><div class=\"swiper-slide\" role=\"group\" aria-roledescription=\"slide\" aria-label=\"3 de 8\"><figure class=\"swiper-slide-inner\"><img decoding=\"async\" class=\"swiper-slide-image\" src=\"https:\/\/www.tkth.com.br\/novo\/wp-content\/uploads\/2023\/07\/266.png\" alt=\"MODELO 1U\" \/><figcaption class=\"elementor-image-carousel-caption\">MODELO 1U<\/figcaption><\/figure><\/div><div class=\"swiper-slide\" role=\"group\" aria-roledescription=\"slide\" aria-label=\"4 de 8\"><figure class=\"swiper-slide-inner\"><img decoding=\"async\" class=\"swiper-slide-image\" src=\"https:\/\/www.tkth.com.br\/novo\/wp-content\/uploads\/2023\/07\/269.png\" alt=\"MODELO 1U\" \/><figcaption class=\"elementor-image-carousel-caption\">MODELO 1U<\/figcaption><\/figure><\/div><div class=\"swiper-slide\" role=\"group\" aria-roledescription=\"slide\" aria-label=\"5 de 8\"><figure class=\"swiper-slide-inner\"><img decoding=\"async\" class=\"swiper-slide-image\" src=\"https:\/\/www.tkth.com.br\/novo\/wp-content\/uploads\/2023\/07\/286.png\" alt=\"MODELO 2U\" \/><figcaption class=\"elementor-image-carousel-caption\">MODELO 2U<\/figcaption><\/figure><\/div><div class=\"swiper-slide\" role=\"group\" aria-roledescription=\"slide\" aria-label=\"6 de 8\"><figure class=\"swiper-slide-inner\"><img decoding=\"async\" class=\"swiper-slide-image\" src=\"https:\/\/www.tkth.com.br\/novo\/wp-content\/uploads\/2023\/07\/287.png\" alt=\"MODELO 2U\" \/><figcaption class=\"elementor-image-carousel-caption\">MODELO 2U<\/figcaption><\/figure><\/div><div class=\"swiper-slide\" role=\"group\" aria-roledescription=\"slide\" aria-label=\"7 de 8\"><figure class=\"swiper-slide-inner\"><img decoding=\"async\" class=\"swiper-slide-image\" src=\"https:\/\/www.tkth.com.br\/novo\/wp-content\/uploads\/2023\/07\/285.png\" alt=\"MODELO 2U\" \/><figcaption class=\"elementor-image-carousel-caption\">MODELO 2U<\/figcaption><\/figure><\/div><div class=\"swiper-slide\" role=\"group\" aria-roledescription=\"slide\" aria-label=\"8 de 8\"><figure class=\"swiper-slide-inner\"><img decoding=\"async\" class=\"swiper-slide-image\" src=\"https:\/\/www.tkth.com.br\/novo\/wp-content\/uploads\/2023\/07\/288.png\" alt=\"MODELO 2U\" \/><figcaption class=\"elementor-image-carousel-caption\">MODELO 2U<\/figcaption><\/figure><\/div>\t\t\t<\/div>\n\t\t\t\t\t\t\t\t\t\t\t\t<div class=\"elementor-swiper-button elementor-swiper-button-prev\" role=\"button\" tabindex=\"0\">\n\t\t\t\t\t\t<i aria-hidden=\"true\" class=\"eicon-chevron-left\"><\/i>\t\t\t\t\t<\/div>\n\t\t\t\t\t<div class=\"elementor-swiper-button elementor-swiper-button-next\" role=\"button\" tabindex=\"0\">\n\t\t\t\t\t\t<i aria-hidden=\"true\" class=\"eicon-chevron-right\"><\/i>\t\t\t\t\t<\/div>\n\t\t\t\t\n\t\t\t\t\t\t\t\t\t<\/div>\n\t\t\t\t\t\t<\/div>\n\t\t\t\t<\/div>\n\t\t\t\t\t<\/div>\n\t\t<\/div>\n\t\t\t\t\t<\/div>\n\t\t<\/section>\n\t\t\t\t<section class=\"elementor-section elementor-top-section elementor-element elementor-element-61d5ee9f elementor-section-height-min-height elementor-section-items-top elementor-section-boxed elementor-section-height-default\" data-id=\"61d5ee9f\" data-element_type=\"section\" data-e-type=\"section\" data-settings=\"{&quot;background_background&quot;:&quot;classic&quot;}\">\n\t\t\t\t\t\t<div class=\"elementor-container elementor-column-gap-default\">\n\t\t\t\t\t<div class=\"elementor-column elementor-col-100 elementor-top-column elementor-element elementor-element-d49a923\" data-id=\"d49a923\" data-element_type=\"column\" data-e-type=\"column\" data-settings=\"{&quot;background_background&quot;:&quot;classic&quot;}\">\n\t\t\t<div class=\"elementor-widget-wrap elementor-element-populated\">\n\t\t\t\t\t\t<div class=\"elementor-element elementor-element-71379dc6 elementor-widget elementor-widget-eael-adv-tabs\" data-id=\"71379dc6\" data-element_type=\"widget\" data-e-type=\"widget\" data-widget_type=\"eael-adv-tabs.default\">\n\t\t\t\t<div class=\"elementor-widget-container\">\n\t\t\t\t\t        <div data-scroll-on-click=\"no\" data-scroll-speed=\"300\" id=\"eael-advance-tabs-71379dc6\" class=\"eael-advance-tabs eael-tabs-horizontal eael-tab-auto-active \" data-tabid=\"71379dc6\">\n            <div class=\"eael-tabs-nav \">\n                <ul class=\"\" role=\"tablist\">\n                                            <li id=\"descrio\" class=\"active-default eael-tab-item-trigger eael-tab-nav-item\" aria-selected=\"true\" data-tab=\"1\" role=\"tab\" tabindex=\"0\" aria-controls=\"descrio-tab\" aria-expanded=\"false\">\n                            \n                            \n                            \n                                                            <span class=\"eael-tab-title title-after-icon\" >Descri\u00e7\u00e3o<\/span>                                                    <\/li>\n                                            <li id=\"datasheet\" class=\" eael-tab-item-trigger eael-tab-nav-item\" aria-selected=\"false\" data-tab=\"2\" role=\"tab\" tabindex=\"-1\" aria-controls=\"datasheet-tab\" aria-expanded=\"false\">\n                            \n                            \n                            \n                                                            <span class=\"eael-tab-title title-after-icon\" >Datasheet<\/span>                                                    <\/li>\n                                            <li id=\"manual\" class=\"inactive eael-tab-item-trigger eael-tab-nav-item\" aria-selected=\"false\" data-tab=\"3\" role=\"tab\" tabindex=\"-1\" aria-controls=\"manual-tab\" aria-expanded=\"false\">\n                            \n                            \n                            \n                                                            <span class=\"eael-tab-title title-after-icon\" >Manual<\/span>                                                    <\/li>\n                    \n                                       <div class=\"eael-tabs-glassey-svg\">\n                        <svg style=\"display: none\">\n                           <filter id=\"switcher\" x=\"0\" y=\"0\" width=\"100%\" height=\"100%\" filterUnits=\"objectBoundingBox\">\n                              <feTurbulence type=\"fractalNoise\" baseFrequency=\"0.003 0.007\" numOctaves=\"1\" result=\"turbulence\" \/>\n                              <feDisplacementMap in=\"SourceGraphic\" in2=\"turbulence\" scale=\"200\" xChannelSelector=\"R\" yChannelSelector=\"G\" \/>\n                           <\/filter>\n                        <\/svg>\n                     <\/div>\n                                     <\/ul>\n            <\/div>\n            \n            <div class=\"eael-tabs-content\">\n\t\t        \n                    <div id=\"descrio-tab\" class=\"clearfix eael-tab-content-item active-default\" data-title-link=\"descrio-tab\">\n\t\t\t\t        <p>O DIO SLIDE \u00e9 uma solu\u00e7\u00e3o robusta e vers\u00e1til para gerenciamento de redes de fibra \u00f3ptica, projetada para oferecer flexibilidade, efici\u00eancia e compatibilidade com diferentes equipamentos e ambientes. Seu design compacto e configur\u00e1vel permite atender a diversas demandas, otimizando o espa\u00e7o e o desempenho das conex\u00f5es.<\/p><p><strong>Funcionalidades:<\/strong><\/p><blockquote><p>&#8211; Suporte SC APC\/UPC, LC APC\/UPC \u2013 Duplex e E2000 APC\/UPC, garantindo flexibilidade para diferentes necessidades de conex\u00e3o;<\/p><p>&#8211; Gerencia at\u00e9 72 fibras, com entrada para cabos trunk ou at\u00e9 2 cabos AS;<\/p><p>&#8211; Compat\u00edvel com racks ou bastidores padr\u00e3o de 19\u2032 ou 23\u2032, adaptando-se facilmente a diferentes ambientes;<\/p><p>&#8211; Dispon\u00edvel em alturas \u00fateis de 1U (36 FO) ou 2U (72 FO), ideal para instala\u00e7\u00f5es com espa\u00e7o limitado;<\/p><p>&#8211; Formato compacto e funcional com alto desempenho, maximizando a efici\u00eancia no uso do espa\u00e7o.<\/p><\/blockquote>                    <\/div>\n\t\t        \n                    <div id=\"datasheet-tab\" class=\"clearfix eael-tab-content-item \" data-title-link=\"datasheet-tab\">\n\t\t\t\t        <p>&#8211; DIO SLIDE 36 FO &gt;&gt; <strong><a href=\"http:\/\/tkth.com.br\/novo\/datasheets\/dtsh_dio_slide_36_rev01.pdf\">Download<\/a><\/strong><\/p><p>&#8211; DIO SLIDE 72 FO &gt;&gt; <strong><a href=\"http:\/\/tkth.com.br\/novo\/datasheets\/dtsh_dio_slide_72_rev02.pdf\">Download<\/a><\/strong><\/p>                    <\/div>\n\t\t        \n                    <div id=\"manual-tab\" class=\"clearfix eael-tab-content-item inactive\" data-title-link=\"manual-tab\">\n\t\t\t\t        <p>&#8211;\u00a0 <a href=\"http:\/\/tkth.com.br\/novo\/manual\/manual_dio_slide_36_72_rev01.pdf\"><strong>Guia de Montagem<\/strong><\/a><\/p>                    <\/div>\n\t\t                    <\/div>\n        <\/div>\n\t\t\t\t<\/div>\n\t\t\t\t<\/div>\n\t\t\t\t\t<\/div>\n\t\t<\/div>\n\t\t\t\t\t<\/div>\n\t\t<\/section>\n\t\t\t\t<\/div>\n\t\t","protected":false},"excerpt":{"rendered":"<p>MET\u00c1LICOS DIO SLIDE Solu\u00e7\u00e3o vers\u00e1til e de alta qualidade para espelhamento e fus\u00e3o de fibras \u00f3pticas! MODELO 1U MODELO 1U MODELO 1U MODELO 1U MODELO 2U MODELO 2U MODELO 2U MODELO 2U Descri\u00e7\u00e3o Datasheet Manual O DIO SLIDE \u00e9 uma solu\u00e7\u00e3o robusta e vers\u00e1til para gerenciamento de redes de fibra \u00f3ptica, projetada para oferecer flexibilidade, [&hellip;]<\/p>\n","protected":false},"author":3,"featured_media":4605,"parent":0,"menu_order":0,"comment_status":"closed","ping_status":"closed","template":"","meta":{"_acf_changed":false,"footnotes":""},"class_list":["post-4463","page","type-page","status-publish","has-post-thumbnail","hentry"],"acf":[],"_links":{"self":[{"href":"https:\/\/www.tkth.com.br\/novo\/wp-json\/wp\/v2\/pages\/4463","targetHints":{"allow":["GET"]}}],"collection":[{"href":"https:\/\/www.tkth.com.br\/novo\/wp-json\/wp\/v2\/pages"}],"about":[{"href":"https:\/\/www.tkth.com.br\/novo\/wp-json\/wp\/v2\/types\/page"}],"author":[{"embeddable":true,"href":"https:\/\/www.tkth.com.br\/novo\/wp-json\/wp\/v2\/users\/3"}],"replies":[{"embeddable":true,"href":"https:\/\/www.tkth.com.br\/novo\/wp-json\/wp\/v2\/comments?post=4463"}],"version-history":[{"count":44,"href":"https:\/\/www.tkth.com.br\/novo\/wp-json\/wp\/v2\/pages\/4463\/revisions"}],"predecessor-version":[{"id":10276,"href":"https:\/\/www.tkth.com.br\/novo\/wp-json\/wp\/v2\/pages\/4463\/revisions\/10276"}],"wp:featuredmedia":[{"embeddable":true,"href":"https:\/\/www.tkth.com.br\/novo\/wp-json\/wp\/v2\/media\/4605"}],"wp:attachment":[{"href":"https:\/\/www.tkth.com.br\/novo\/wp-json\/wp\/v2\/media?parent=4463"}],"curies":[{"name":"wp","href":"https:\/\/api.w.org\/{rel}","templated":true}]}}