{"id":4486,"date":"2023-07-03T17:36:15","date_gmt":"2023-07-03T20:36:15","guid":{"rendered":"https:\/\/www.tkth.com.br\/novo\/?page_id=4486"},"modified":"2025-11-13T15:25:17","modified_gmt":"2025-11-13T18:25:17","slug":"dio-splitter-tk-1-2fo","status":"publish","type":"page","link":"https:\/\/www.tkth.com.br\/novo\/dio-splitter-tk-1-2fo\/","title":{"rendered":"DIO SPLITTER TK 1-2FO"},"content":{"rendered":"\t\t<div data-elementor-type=\"wp-page\" data-elementor-id=\"4486\" class=\"elementor elementor-4486\" data-elementor-post-type=\"page\">\n\t\t\t\t\t\t<section class=\"elementor-section elementor-top-section elementor-element elementor-element-5751fe4 elementor-section-height-min-height elementor-section-items-top elementor-section-boxed elementor-section-height-default\" data-id=\"5751fe4\" data-element_type=\"section\" data-e-type=\"section\" data-settings=\"{&quot;background_background&quot;:&quot;classic&quot;}\">\n\t\t\t\t\t\t<div class=\"elementor-container elementor-column-gap-default\">\n\t\t\t\t\t<div class=\"elementor-column elementor-col-50 elementor-top-column elementor-element elementor-element-81d08d6\" data-id=\"81d08d6\" data-element_type=\"column\" data-e-type=\"column\" data-settings=\"{&quot;background_background&quot;:&quot;classic&quot;}\">\n\t\t\t<div class=\"elementor-widget-wrap elementor-element-populated\">\n\t\t\t\t\t\t<div class=\"elementor-element elementor-element-0edf856 elementor-widget elementor-widget-heading\" data-id=\"0edf856\" data-element_type=\"widget\" data-e-type=\"widget\" data-widget_type=\"heading.default\">\n\t\t\t\t<div class=\"elementor-widget-container\">\n\t\t\t\t\t<h2 class=\"elementor-heading-title elementor-size-default\">MET\u00c1LICOS<\/h2>\t\t\t\t<\/div>\n\t\t\t\t<\/div>\n\t\t\t\t<div class=\"elementor-element elementor-element-0bae7a1 elementor-widget elementor-widget-heading\" data-id=\"0bae7a1\" data-element_type=\"widget\" data-e-type=\"widget\" data-widget_type=\"heading.default\">\n\t\t\t\t<div class=\"elementor-widget-container\">\n\t\t\t\t\t<h2 class=\"elementor-heading-title elementor-size-default\">DIO SPLITTER TK 1-2FO<\/h2>\t\t\t\t<\/div>\n\t\t\t\t<\/div>\n\t\t\t\t<div class=\"elementor-element elementor-element-85989da elementor-widget__width-initial elementor-widget elementor-widget-heading\" data-id=\"85989da\" data-element_type=\"widget\" data-e-type=\"widget\" data-widget_type=\"heading.default\">\n\t\t\t\t<div class=\"elementor-widget-container\">\n\t\t\t\t\t<h2 class=\"elementor-heading-title elementor-size-default\">Garanta a distribui\u00e7\u00e3o eficiente dos seus sinais \u00f3pticos e otimize o desempenho da sua rede!<\/h2>\t\t\t\t<\/div>\n\t\t\t\t<\/div>\n\t\t\t\t\t<\/div>\n\t\t<\/div>\n\t\t\t\t<div class=\"elementor-column elementor-col-50 elementor-top-column elementor-element elementor-element-56d17d8\" data-id=\"56d17d8\" data-element_type=\"column\" data-e-type=\"column\" data-settings=\"{&quot;background_background&quot;:&quot;classic&quot;}\">\n\t\t\t<div class=\"elementor-widget-wrap elementor-element-populated\">\n\t\t\t\t\t\t<div class=\"elementor-element elementor-element-8252900 elementor-arrows-position-inside elementor-widget elementor-widget-image-carousel\" data-id=\"8252900\" data-element_type=\"widget\" data-e-type=\"widget\" data-settings=\"{&quot;slides_to_show&quot;:&quot;1&quot;,&quot;navigation&quot;:&quot;arrows&quot;,&quot;_animation&quot;:&quot;none&quot;,&quot;autoplay&quot;:&quot;yes&quot;,&quot;pause_on_hover&quot;:&quot;yes&quot;,&quot;pause_on_interaction&quot;:&quot;yes&quot;,&quot;autoplay_speed&quot;:5000,&quot;infinite&quot;:&quot;yes&quot;,&quot;effect&quot;:&quot;slide&quot;,&quot;speed&quot;:500}\" data-widget_type=\"image-carousel.default\">\n\t\t\t\t<div class=\"elementor-widget-container\">\n\t\t\t\t\t\t\t<div class=\"elementor-image-carousel-wrapper swiper\" role=\"region\" aria-roledescription=\"carousel\" aria-label=\"Carrossel de imagens\" dir=\"ltr\">\n\t\t\t<div class=\"elementor-image-carousel swiper-wrapper\" aria-live=\"off\">\n\t\t\t\t\t\t\t\t<div class=\"swiper-slide\" role=\"group\" aria-roledescription=\"slide\" aria-label=\"1 de 1\"><figure class=\"swiper-slide-inner\"><img decoding=\"async\" class=\"swiper-slide-image\" src=\"https:\/\/www.tkth.com.br\/novo\/wp-content\/uploads\/2023\/07\/271.png\" alt=\"271\" \/><\/figure><\/div>\t\t\t<\/div>\n\t\t\t\t\t<\/div>\n\t\t\t\t\t\t<\/div>\n\t\t\t\t<\/div>\n\t\t\t\t\t<\/div>\n\t\t<\/div>\n\t\t\t\t\t<\/div>\n\t\t<\/section>\n\t\t\t\t<section class=\"elementor-section elementor-top-section elementor-element elementor-element-61d5ee9f elementor-section-height-min-height elementor-section-items-top elementor-section-boxed elementor-section-height-default\" data-id=\"61d5ee9f\" data-element_type=\"section\" data-e-type=\"section\" data-settings=\"{&quot;background_background&quot;:&quot;classic&quot;}\">\n\t\t\t\t\t\t<div class=\"elementor-container elementor-column-gap-default\">\n\t\t\t\t\t<div class=\"elementor-column elementor-col-100 elementor-top-column elementor-element elementor-element-d49a923\" data-id=\"d49a923\" data-element_type=\"column\" data-e-type=\"column\" data-settings=\"{&quot;background_background&quot;:&quot;classic&quot;}\">\n\t\t\t<div class=\"elementor-widget-wrap elementor-element-populated\">\n\t\t\t\t\t\t<div class=\"elementor-element elementor-element-71379dc6 elementor-widget elementor-widget-eael-adv-tabs\" data-id=\"71379dc6\" data-element_type=\"widget\" data-e-type=\"widget\" data-widget_type=\"eael-adv-tabs.default\">\n\t\t\t\t<div class=\"elementor-widget-container\">\n\t\t\t\t\t        <div data-scroll-on-click=\"no\" data-scroll-speed=\"300\" id=\"eael-advance-tabs-71379dc6\" class=\"eael-advance-tabs eael-tabs-horizontal eael-tab-auto-active \" data-tabid=\"71379dc6\">\n            <div class=\"eael-tabs-nav \">\n                <ul class=\"\" role=\"tablist\">\n                                            <li id=\"descrio\" class=\"active-default eael-tab-item-trigger eael-tab-nav-item\" aria-selected=\"true\" data-tab=\"1\" role=\"tab\" tabindex=\"0\" aria-controls=\"descrio-tab\" aria-expanded=\"false\">\n                            \n                            \n                            \n                                                            <span class=\"eael-tab-title title-after-icon\" >Descri\u00e7\u00e3o<\/span>                                                    <\/li>\n                                            <li id=\"datasheet\" class=\" eael-tab-item-trigger eael-tab-nav-item\" aria-selected=\"false\" data-tab=\"2\" role=\"tab\" tabindex=\"-1\" aria-controls=\"datasheet-tab\" aria-expanded=\"false\">\n                            \n                            \n                            \n                                                            <span class=\"eael-tab-title title-after-icon\" >Datasheet<\/span>                                                    <\/li>\n                                            <li id=\"manual\" class=\"inactive eael-tab-item-trigger eael-tab-nav-item\" aria-selected=\"false\" data-tab=\"3\" role=\"tab\" tabindex=\"-1\" aria-controls=\"manual-tab\" aria-expanded=\"false\">\n                            \n                            \n                            \n                                                            <span class=\"eael-tab-title title-after-icon\" >Manual<\/span>                                                    <\/li>\n                    \n                                       <div class=\"eael-tabs-glassey-svg\">\n                        <svg style=\"display: none\">\n                           <filter id=\"switcher\" x=\"0\" y=\"0\" width=\"100%\" height=\"100%\" filterUnits=\"objectBoundingBox\">\n                              <feTurbulence type=\"fractalNoise\" baseFrequency=\"0.003 0.007\" numOctaves=\"1\" result=\"turbulence\" \/>\n                              <feDisplacementMap in=\"SourceGraphic\" in2=\"turbulence\" scale=\"200\" xChannelSelector=\"R\" yChannelSelector=\"G\" \/>\n                           <\/filter>\n                        <\/svg>\n                     <\/div>\n                                     <\/ul>\n            <\/div>\n            \n            <div class=\"eael-tabs-content\">\n\t\t        \n                    <div id=\"descrio-tab\" class=\"clearfix eael-tab-content-item active-default\" data-title-link=\"descrio-tab\">\n\t\t\t\t        <p>O DIO Splitter TK 1-2FO foi desenvolvido para atender com efici\u00eancia \u00e0s demandas de conex\u00e3o e distribui\u00e7\u00e3o de sinais \u00f3pticos em redes de fibra \u00f3ptica. Com uma capacidade avan\u00e7ada de divis\u00e3o de sinal, esse dispositivo oferece praticidade, confiabilidade e flexibilidade para projetos de diferentes configura\u00e7\u00f5es de rede.<\/p><p><strong>Funcionalidades:<\/strong><\/p><blockquote><p>&#8211; Suporta at\u00e9 16 divisores 1&#215;2, oferecendo uma solu\u00e7\u00e3o robusta para maximizar a distribui\u00e7\u00e3o de sinais \u00f3pticos em sua rede;<\/p><p>&#8211; Compat\u00edvel com splitters balanceados e desbalanceados, permitindo maior adapta\u00e7\u00e3o \u00e0s caracter\u00edsticas espec\u00edficas do projeto e \u00e0s necessidades t\u00e9cnicas de cada aplica\u00e7\u00e3o;<\/p><p>&#8211; Projetado com uma altura \u00fatil de 1U e compatibilidade com racks e bastidores de 19 polegadas, garantindo uma instala\u00e7\u00e3o simplificada e otimizada.<\/p><\/blockquote>                    <\/div>\n\t\t        \n                    <div id=\"datasheet-tab\" class=\"clearfix eael-tab-content-item \" data-title-link=\"datasheet-tab\">\n\t\t\t\t        <blockquote><p>&#8211; <strong><a href=\"http:\/\/tkth.com.br\/novo\/datasheets\/dtsh_dio_splitter_1u_rev00.pdf\">Download<\/a><\/strong><\/p><\/blockquote>                    <\/div>\n\t\t        \n                    <div id=\"manual-tab\" class=\"clearfix eael-tab-content-item inactive\" data-title-link=\"manual-tab\">\n\t\t\t\t        <blockquote><p>&#8211; <a href=\"http:\/\/tkth.com.br\/novo\/manual\/manual_dio_splitter_1u_rev00.pdf\"><strong>Guia de Montagem<\/strong><\/a><\/p><\/blockquote>                    <\/div>\n\t\t                    <\/div>\n        <\/div>\n\t\t\t\t<\/div>\n\t\t\t\t<\/div>\n\t\t\t\t\t<\/div>\n\t\t<\/div>\n\t\t\t\t\t<\/div>\n\t\t<\/section>\n\t\t\t\t<\/div>\n\t\t","protected":false},"excerpt":{"rendered":"<p>MET\u00c1LICOS DIO SPLITTER TK 1-2FO Garanta a distribui\u00e7\u00e3o eficiente dos seus sinais \u00f3pticos e otimize o desempenho da sua rede! Descri\u00e7\u00e3o Datasheet Manual O DIO Splitter TK 1-2FO foi desenvolvido para atender com efici\u00eancia \u00e0s demandas de conex\u00e3o e distribui\u00e7\u00e3o de sinais \u00f3pticos em redes de fibra \u00f3ptica. Com uma capacidade avan\u00e7ada de divis\u00e3o de [&hellip;]<\/p>\n","protected":false},"author":3,"featured_media":4488,"parent":0,"menu_order":0,"comment_status":"closed","ping_status":"closed","template":"","meta":{"_acf_changed":false,"footnotes":""},"class_list":["post-4486","page","type-page","status-publish","has-post-thumbnail","hentry"],"acf":[],"_links":{"self":[{"href":"https:\/\/www.tkth.com.br\/novo\/wp-json\/wp\/v2\/pages\/4486","targetHints":{"allow":["GET"]}}],"collection":[{"href":"https:\/\/www.tkth.com.br\/novo\/wp-json\/wp\/v2\/pages"}],"about":[{"href":"https:\/\/www.tkth.com.br\/novo\/wp-json\/wp\/v2\/types\/page"}],"author":[{"embeddable":true,"href":"https:\/\/www.tkth.com.br\/novo\/wp-json\/wp\/v2\/users\/3"}],"replies":[{"embeddable":true,"href":"https:\/\/www.tkth.com.br\/novo\/wp-json\/wp\/v2\/comments?post=4486"}],"version-history":[{"count":25,"href":"https:\/\/www.tkth.com.br\/novo\/wp-json\/wp\/v2\/pages\/4486\/revisions"}],"predecessor-version":[{"id":10282,"href":"https:\/\/www.tkth.com.br\/novo\/wp-json\/wp\/v2\/pages\/4486\/revisions\/10282"}],"wp:featuredmedia":[{"embeddable":true,"href":"https:\/\/www.tkth.com.br\/novo\/wp-json\/wp\/v2\/media\/4488"}],"wp:attachment":[{"href":"https:\/\/www.tkth.com.br\/novo\/wp-json\/wp\/v2\/media?parent=4486"}],"curies":[{"name":"wp","href":"https:\/\/api.w.org\/{rel}","templated":true}]}}