{"id":7168,"date":"2024-08-22T17:02:42","date_gmt":"2024-08-22T20:02:42","guid":{"rendered":"https:\/\/www.tkth.com.br\/novo\/?page_id=7168"},"modified":"2026-02-24T15:13:28","modified_gmt":"2026-02-24T18:13:28","slug":"onu-ax3000","status":"publish","type":"page","link":"https:\/\/www.tkth.com.br\/novo\/onu-ax3000\/","title":{"rendered":"ONT AX3000"},"content":{"rendered":"\t\t<div data-elementor-type=\"wp-page\" data-elementor-id=\"7168\" class=\"elementor elementor-7168\" data-elementor-post-type=\"page\">\n\t\t\t\t\t\t<section class=\"elementor-section elementor-top-section elementor-element elementor-element-5751fe4 elementor-section-boxed elementor-section-height-default elementor-section-height-default\" data-id=\"5751fe4\" data-element_type=\"section\" data-e-type=\"section\" data-settings=\"{&quot;background_background&quot;:&quot;classic&quot;}\">\n\t\t\t\t\t\t<div class=\"elementor-container elementor-column-gap-default\">\n\t\t\t\t\t<div class=\"elementor-column elementor-col-50 elementor-top-column elementor-element elementor-element-81d08d6\" data-id=\"81d08d6\" data-element_type=\"column\" data-e-type=\"column\" data-settings=\"{&quot;background_background&quot;:&quot;classic&quot;}\">\n\t\t\t<div class=\"elementor-widget-wrap elementor-element-populated\">\n\t\t\t\t\t\t<div class=\"elementor-element elementor-element-0edf856 elementor-widget elementor-widget-heading\" data-id=\"0edf856\" data-element_type=\"widget\" data-e-type=\"widget\" data-widget_type=\"heading.default\">\n\t\t\t\t<div class=\"elementor-widget-container\">\n\t\t\t\t\t<h2 class=\"elementor-heading-title elementor-size-default\">ELETR\u00d4NICOS<\/h2>\t\t\t\t<\/div>\n\t\t\t\t<\/div>\n\t\t\t\t<div class=\"elementor-element elementor-element-0bae7a1 elementor-widget__width-initial elementor-widget elementor-widget-heading\" data-id=\"0bae7a1\" data-element_type=\"widget\" data-e-type=\"widget\" data-widget_type=\"heading.default\">\n\t\t\t\t<div class=\"elementor-widget-container\">\n\t\t\t\t\t<h2 class=\"elementor-heading-title elementor-size-default\">ONT Wi-Fi  6 AX3000<\/h2>\t\t\t\t<\/div>\n\t\t\t\t<\/div>\n\t\t\t\t<div class=\"elementor-element elementor-element-85989da elementor-widget__width-initial elementor-widget elementor-widget-heading\" data-id=\"85989da\" data-element_type=\"widget\" data-e-type=\"widget\" data-widget_type=\"heading.default\">\n\t\t\t\t<div class=\"elementor-widget-container\">\n\t\t\t\t\t<h2 class=\"elementor-heading-title elementor-size-default\">M\u00e1xima efici\u00eancia para streaming, downloads e jogos online, conectando-se com inova\u00e7\u00e3o e qualidade!<\/h2>\t\t\t\t<\/div>\n\t\t\t\t<\/div>\n\t\t\t\t\t<\/div>\n\t\t<\/div>\n\t\t\t\t<div class=\"elementor-column elementor-col-50 elementor-top-column elementor-element elementor-element-56d17d8\" data-id=\"56d17d8\" data-element_type=\"column\" data-e-type=\"column\" data-settings=\"{&quot;background_background&quot;:&quot;classic&quot;}\">\n\t\t\t<div class=\"elementor-widget-wrap elementor-element-populated\">\n\t\t\t\t\t\t<div class=\"elementor-element elementor-element-6e92b5b elementor-arrows-position-inside elementor-widget elementor-widget-image-carousel\" data-id=\"6e92b5b\" data-element_type=\"widget\" data-e-type=\"widget\" data-settings=\"{&quot;slides_to_show&quot;:&quot;1&quot;,&quot;navigation&quot;:&quot;arrows&quot;,&quot;_animation&quot;:&quot;none&quot;,&quot;autoplay&quot;:&quot;yes&quot;,&quot;pause_on_hover&quot;:&quot;yes&quot;,&quot;pause_on_interaction&quot;:&quot;yes&quot;,&quot;autoplay_speed&quot;:5000,&quot;infinite&quot;:&quot;yes&quot;,&quot;effect&quot;:&quot;slide&quot;,&quot;speed&quot;:500}\" data-widget_type=\"image-carousel.default\">\n\t\t\t\t<div class=\"elementor-widget-container\">\n\t\t\t\t\t\t\t<div class=\"elementor-image-carousel-wrapper swiper\" role=\"region\" aria-roledescription=\"carousel\" aria-label=\"Carrossel de imagens\" dir=\"ltr\">\n\t\t\t<div class=\"elementor-image-carousel swiper-wrapper\" aria-live=\"off\">\n\t\t\t\t\t\t\t\t<div class=\"swiper-slide\" role=\"group\" aria-roledescription=\"slide\" aria-label=\"1 de 9\"><figure class=\"swiper-slide-inner\"><img decoding=\"async\" class=\"swiper-slide-image\" src=\"https:\/\/www.tkth.com.br\/novo\/wp-content\/uploads\/2025\/02\/ax3000-1.png\" alt=\"ax3000 (1)\" \/><\/figure><\/div><div class=\"swiper-slide\" role=\"group\" aria-roledescription=\"slide\" aria-label=\"2 de 9\"><figure class=\"swiper-slide-inner\"><img decoding=\"async\" class=\"swiper-slide-image\" src=\"https:\/\/www.tkth.com.br\/novo\/wp-content\/uploads\/2025\/02\/ax3000-2.png\" alt=\"ax3000 (2)\" \/><\/figure><\/div><div class=\"swiper-slide\" role=\"group\" aria-roledescription=\"slide\" aria-label=\"3 de 9\"><figure class=\"swiper-slide-inner\"><img decoding=\"async\" class=\"swiper-slide-image\" src=\"https:\/\/www.tkth.com.br\/novo\/wp-content\/uploads\/2025\/02\/ax3000-3.png\" alt=\"ax3000 (3)\" \/><\/figure><\/div><div class=\"swiper-slide\" role=\"group\" aria-roledescription=\"slide\" aria-label=\"4 de 9\"><figure class=\"swiper-slide-inner\"><img decoding=\"async\" class=\"swiper-slide-image\" src=\"https:\/\/www.tkth.com.br\/novo\/wp-content\/uploads\/2025\/02\/ax3000-5.png\" alt=\"ax3000 (5)\" \/><\/figure><\/div><div class=\"swiper-slide\" role=\"group\" aria-roledescription=\"slide\" aria-label=\"5 de 9\"><figure class=\"swiper-slide-inner\"><img decoding=\"async\" class=\"swiper-slide-image\" src=\"https:\/\/www.tkth.com.br\/novo\/wp-content\/uploads\/2025\/02\/ax3000-4.png\" alt=\"ax3000 (4)\" \/><\/figure><\/div><div class=\"swiper-slide\" role=\"group\" aria-roledescription=\"slide\" aria-label=\"6 de 9\"><figure class=\"swiper-slide-inner\"><img decoding=\"async\" class=\"swiper-slide-image\" src=\"https:\/\/www.tkth.com.br\/novo\/wp-content\/uploads\/2025\/02\/ax3000-6.png\" alt=\"ax3000 (6)\" \/><\/figure><\/div><div class=\"swiper-slide\" role=\"group\" aria-roledescription=\"slide\" aria-label=\"7 de 9\"><figure class=\"swiper-slide-inner\"><img decoding=\"async\" class=\"swiper-slide-image\" src=\"https:\/\/www.tkth.com.br\/novo\/wp-content\/uploads\/2025\/02\/ax3000-7.png\" alt=\"ax3000 (7)\" \/><\/figure><\/div><div class=\"swiper-slide\" role=\"group\" aria-roledescription=\"slide\" aria-label=\"8 de 9\"><figure class=\"swiper-slide-inner\"><img decoding=\"async\" class=\"swiper-slide-image\" src=\"https:\/\/www.tkth.com.br\/novo\/wp-content\/uploads\/2025\/02\/pagina_produtos_site_novo.png\" alt=\"p\u00e1gina_produtos_site_novo\" \/><\/figure><\/div><div class=\"swiper-slide\" role=\"group\" aria-roledescription=\"slide\" aria-label=\"9 de 9\"><figure class=\"swiper-slide-inner\"><img decoding=\"async\" class=\"swiper-slide-image\" src=\"https:\/\/www.tkth.com.br\/novo\/wp-content\/uploads\/2025\/02\/ax3000-8.png\" alt=\"ax3000 (8)\" \/><\/figure><\/div>\t\t\t<\/div>\n\t\t\t\t\t\t\t\t\t\t\t\t<div class=\"elementor-swiper-button elementor-swiper-button-prev\" role=\"button\" tabindex=\"0\">\n\t\t\t\t\t\t<i aria-hidden=\"true\" class=\"eicon-chevron-left\"><\/i>\t\t\t\t\t<\/div>\n\t\t\t\t\t<div class=\"elementor-swiper-button elementor-swiper-button-next\" role=\"button\" tabindex=\"0\">\n\t\t\t\t\t\t<i aria-hidden=\"true\" class=\"eicon-chevron-right\"><\/i>\t\t\t\t\t<\/div>\n\t\t\t\t\n\t\t\t\t\t\t\t\t\t<\/div>\n\t\t\t\t\t\t<\/div>\n\t\t\t\t<\/div>\n\t\t\t\t\t<\/div>\n\t\t<\/div>\n\t\t\t\t\t<\/div>\n\t\t<\/section>\n\t\t\t\t<section class=\"elementor-section elementor-top-section elementor-element elementor-element-61d5ee9f elementor-section-height-min-height elementor-section-items-top elementor-section-boxed elementor-section-height-default\" data-id=\"61d5ee9f\" data-element_type=\"section\" data-e-type=\"section\" data-settings=\"{&quot;background_background&quot;:&quot;classic&quot;}\">\n\t\t\t\t\t\t<div class=\"elementor-container elementor-column-gap-default\">\n\t\t\t\t\t<div class=\"elementor-column elementor-col-100 elementor-top-column elementor-element elementor-element-d49a923\" data-id=\"d49a923\" data-element_type=\"column\" data-e-type=\"column\" data-settings=\"{&quot;background_background&quot;:&quot;classic&quot;}\">\n\t\t\t<div class=\"elementor-widget-wrap elementor-element-populated\">\n\t\t\t\t\t\t<div class=\"elementor-element elementor-element-71379dc6 elementor-widget elementor-widget-eael-adv-tabs\" data-id=\"71379dc6\" data-element_type=\"widget\" data-e-type=\"widget\" data-widget_type=\"eael-adv-tabs.default\">\n\t\t\t\t<div class=\"elementor-widget-container\">\n\t\t\t\t\t        <div data-scroll-on-click=\"no\" data-scroll-speed=\"300\" id=\"eael-advance-tabs-71379dc6\" class=\"eael-advance-tabs eael-tabs-horizontal eael-tab-auto-active \" data-tabid=\"71379dc6\">\n            <div class=\"eael-tabs-nav \">\n                <ul class=\"\" role=\"tablist\">\n                                            <li id=\"descrio\" class=\"active-default eael-tab-item-trigger eael-tab-nav-item\" aria-selected=\"true\" data-tab=\"1\" role=\"tab\" tabindex=\"0\" aria-controls=\"descrio-tab\" aria-expanded=\"false\">\n                            \n                            \n                            \n                                                            <span class=\"eael-tab-title title-after-icon\" >Descri\u00e7\u00e3o<\/span>                                                    <\/li>\n                                            <li id=\"datasheet\" class=\" eael-tab-item-trigger eael-tab-nav-item\" aria-selected=\"false\" data-tab=\"2\" role=\"tab\" tabindex=\"-1\" aria-controls=\"datasheet-tab\" aria-expanded=\"false\">\n                            \n                            \n                            \n                                                            <span class=\"eael-tab-title title-after-icon\" >Datasheet<\/span>                                                    <\/li>\n                                            <li id=\"arquivos-para-download\" class=\"inactive eael-tab-item-trigger eael-tab-nav-item\" aria-selected=\"false\" data-tab=\"3\" role=\"tab\" tabindex=\"-1\" aria-controls=\"arquivos-para-download-tab\" aria-expanded=\"false\">\n                            \n                            \n                            \n                                                            <span class=\"eael-tab-title title-after-icon\" >Arquivos para download<\/span>                                                    <\/li>\n                    \n                                       <div class=\"eael-tabs-glassey-svg\">\n                        <svg style=\"display: none\">\n                           <filter id=\"switcher\" x=\"0\" y=\"0\" width=\"100%\" height=\"100%\" filterUnits=\"objectBoundingBox\">\n                              <feTurbulence type=\"fractalNoise\" baseFrequency=\"0.003 0.007\" numOctaves=\"1\" result=\"turbulence\" \/>\n                              <feDisplacementMap in=\"SourceGraphic\" in2=\"turbulence\" scale=\"200\" xChannelSelector=\"R\" yChannelSelector=\"G\" \/>\n                           <\/filter>\n                        <\/svg>\n                     <\/div>\n                                     <\/ul>\n            <\/div>\n            \n            <div class=\"eael-tabs-content\">\n\t\t        \n                    <div id=\"descrio-tab\" class=\"clearfix eael-tab-content-item active-default\" data-title-link=\"descrio-tab\">\n\t\t\t\t        <p>Wi-Fi poderoso, est\u00e1vel e preparado para o futuro, agora com design moderno e case produzido em nossa f\u00e1brica, mantendo a alta performance que voc\u00ea j\u00e1 conhece.<\/p><p>Projetada para redes GPON, a ONT AX3000 opera nas bandas de 5 GHz (IEEE 802.11ax\/ac\/n\/a) e 2,4 GHz (IEEE 802.11ax\/n\/b\/g), garantindo velocidades incr\u00edveis de at\u00e9 2,402 Mbps na rede WiFi 5 GHz e 574 Mbps na rede WiFi 2,4 GHz. Al\u00e9m disso, suas quatro antenas externas de 5 dBi proporcionam conectividade est\u00e1vel e de alta velocidade.<\/p><p>O modelo AX3000V inclui suporte \u00e0 telefonia VoIP via RJ11, ampliando as possibilidades para seu ISP.<\/p><p>Experimente a revolu\u00e7\u00e3o do Wi-Fi 6 e leve inova\u00e7\u00e3o para seus clientes.<\/p><p><strong>Funcionalidades:<\/strong><\/p><blockquote><p>&#8211; Compat\u00edvel com o padr\u00e3o GPON &#8211; ITU-T G.984;<\/p><p>&#8211; Wi-Fi 6 de alta velocidade, desempenho e maior \u00e1rea de cobertura;<\/p><p>&#8211; Rede MESH &#8211; compat\u00edvel com padr\u00e3o EasyMesh;<\/p><p>&#8211; Band Steering;<\/p><p>&#8211; Protocolos IPv4 e IPv6;<\/p><p>&#8211; Modula\u00e7\u00e3o 1024 QAM;<\/p><p>&#8211; Tecnologias de Wi-Fi: MU-MIMMO; OFDMA, BSS Coloring;<\/p><p>&#8211; 802.1q tag VLAN;<\/p><p>&#8211; Modo VLAN transparente; Modo VLAN translation; Modo VLAN trunk;<\/p><p>&#8211; Telefonia VoIP* modelo AX3000V.<\/p><\/blockquote>                    <\/div>\n\t\t        \n                    <div id=\"datasheet-tab\" class=\"clearfix eael-tab-content-item \" data-title-link=\"datasheet-tab\">\n\t\t\t\t        <blockquote><p>&#8211;<strong> <a href=\"http:\/\/tkth.com.br\/novo\/datasheets\/ds_ont-wifi-ax3000-ax3000v_rev08.pdf\">Download<\/a><\/strong><\/p><\/blockquote>                    <\/div>\n\t\t        \n                    <div id=\"arquivos-para-download-tab\" class=\"clearfix eael-tab-content-item inactive\" data-title-link=\"arquivos-para-download-tab\">\n\t\t\t\t        <div><p><strong>Firmware Software:<\/strong><\/p><blockquote><p>&#8211; Vers\u00e3o 1: ONT AX3000\/AX3000V &#8211; V4.1.1TK4R15 &gt;&gt; <span style=\"text-decoration: underline\"><a href=\"http:\/\/tkth.com.br\/novo\/firmware\/ont_ax3000\/AX3000_AX3000V_V4.1.1TK4R15.tar\"><strong>Download<\/strong><\/a><\/span><\/p><p>&#8211; Vers\u00e3o 2: ONT AX3000\/AX3000V &#8211; V4.1.1TKF4R15 &gt;&gt; <span style=\"text-decoration: underline\"><a href=\"http:\/\/tkth.com.br\/novo\/firmware\/ont_ax3000\/AX3000_AX3000V_V4.1.1TKF4R15.tar\"><strong>Download<\/strong><\/a><\/span><\/p><p>Obs.:<em> N\u00e3o descompacte para instalar. <\/em><em>Se o Google Chrome bloquear o download, tente usar outro navegador, como Mozilla ou Opera.<\/em><\/p><\/blockquote><div class=\"flex max-w-full flex-col flex-grow\"><div class=\"min-h-8 text-message flex w-full flex-col items-end gap-2 whitespace-normal break-words text-start [.text-message+&amp;]:mt-5\"><div class=\"flex w-full flex-col gap-1 empty:hidden first:pt-[3px]\"><div class=\"markdown prose w-full break-words dark:prose-invert light\"><blockquote><p><strong>Changelog\u00a0<\/strong>&gt;&gt; <span style=\"text-decoration: underline\"><a href=\"http:\/\/tkth.com.br\/novo\/firmware\/ont_ax3000\/Changelog.txt\"><strong>Download<\/strong><\/a><\/span><\/p><\/blockquote><p><strong>Guia r\u00e1pido:<\/strong><\/p><\/div><\/div><\/div><\/div><blockquote><p>&#8211; Configura\u00e7\u00e3o ONT AX3000\/AX3000V &gt;&gt; <strong><a href=\"http:\/\/tkth.com.br\/novo\/guia\/ont_ax3000\/guia_ont-ax3000_rev00.pdf\">Download<br \/><\/a><\/strong><\/p><\/blockquote><\/div>                    <\/div>\n\t\t                    <\/div>\n        <\/div>\n\t\t\t\t<\/div>\n\t\t\t\t<\/div>\n\t\t\t\t\t<\/div>\n\t\t<\/div>\n\t\t\t\t\t<\/div>\n\t\t<\/section>\n\t\t\t\t<\/div>\n\t\t","protected":false},"excerpt":{"rendered":"<p>ELETR\u00d4NICOS ONT Wi-Fi 6 AX3000 M\u00e1xima efici\u00eancia para streaming, downloads e jogos online, conectando-se com inova\u00e7\u00e3o e qualidade! Descri\u00e7\u00e3o Datasheet Arquivos para download Wi-Fi poderoso, est\u00e1vel e preparado para o futuro, agora com design moderno e case produzido em nossa f\u00e1brica, mantendo a alta performance que voc\u00ea j\u00e1 conhece. Projetada para redes GPON, a ONT [&hellip;]<\/p>\n","protected":false},"author":3,"featured_media":7817,"parent":0,"menu_order":0,"comment_status":"closed","ping_status":"closed","template":"","meta":{"_acf_changed":false,"footnotes":""},"class_list":["post-7168","page","type-page","status-publish","has-post-thumbnail","hentry"],"acf":[],"_links":{"self":[{"href":"https:\/\/www.tkth.com.br\/novo\/wp-json\/wp\/v2\/pages\/7168","targetHints":{"allow":["GET"]}}],"collection":[{"href":"https:\/\/www.tkth.com.br\/novo\/wp-json\/wp\/v2\/pages"}],"about":[{"href":"https:\/\/www.tkth.com.br\/novo\/wp-json\/wp\/v2\/types\/page"}],"author":[{"embeddable":true,"href":"https:\/\/www.tkth.com.br\/novo\/wp-json\/wp\/v2\/users\/3"}],"replies":[{"embeddable":true,"href":"https:\/\/www.tkth.com.br\/novo\/wp-json\/wp\/v2\/comments?post=7168"}],"version-history":[{"count":123,"href":"https:\/\/www.tkth.com.br\/novo\/wp-json\/wp\/v2\/pages\/7168\/revisions"}],"predecessor-version":[{"id":10997,"href":"https:\/\/www.tkth.com.br\/novo\/wp-json\/wp\/v2\/pages\/7168\/revisions\/10997"}],"wp:featuredmedia":[{"embeddable":true,"href":"https:\/\/www.tkth.com.br\/novo\/wp-json\/wp\/v2\/media\/7817"}],"wp:attachment":[{"href":"https:\/\/www.tkth.com.br\/novo\/wp-json\/wp\/v2\/media?parent=7168"}],"curies":[{"name":"wp","href":"https:\/\/api.w.org\/{rel}","templated":true}]}}