{"id":9694,"date":"2025-06-05T11:08:00","date_gmt":"2025-06-05T14:08:00","guid":{"rendered":"https:\/\/www.tkth.com.br\/novo\/?page_id=9694"},"modified":"2025-11-26T17:05:26","modified_gmt":"2025-11-26T20:05:26","slug":"ceo-fechamento-mecanico","status":"publish","type":"page","link":"https:\/\/www.tkth.com.br\/novo\/ceo-fechamento-mecanico\/","title":{"rendered":"CEO FECHAMENTO MEC\u00c2NICO"},"content":{"rendered":"\t\t<div data-elementor-type=\"wp-page\" data-elementor-id=\"9694\" class=\"elementor elementor-9694\" data-elementor-post-type=\"page\">\n\t\t\t\t\t\t<section class=\"elementor-section elementor-top-section elementor-element elementor-element-5751fe4 elementor-section-height-min-height elementor-section-items-top elementor-section-boxed elementor-section-height-default\" data-id=\"5751fe4\" data-element_type=\"section\" data-e-type=\"section\" data-settings=\"{&quot;background_background&quot;:&quot;classic&quot;}\">\n\t\t\t\t\t\t<div class=\"elementor-container elementor-column-gap-default\">\n\t\t\t\t\t<div class=\"elementor-column elementor-col-50 elementor-top-column elementor-element elementor-element-81d08d6\" data-id=\"81d08d6\" data-element_type=\"column\" data-e-type=\"column\" data-settings=\"{&quot;background_background&quot;:&quot;classic&quot;}\">\n\t\t\t<div class=\"elementor-widget-wrap elementor-element-populated\">\n\t\t\t\t\t\t<div class=\"elementor-element elementor-element-0edf856 elementor-widget elementor-widget-heading\" data-id=\"0edf856\" data-element_type=\"widget\" data-e-type=\"widget\" data-widget_type=\"heading.default\">\n\t\t\t\t<div class=\"elementor-widget-container\">\n\t\t\t\t\t<h2 class=\"elementor-heading-title elementor-size-default\">INJETADOS PL\u00c1STICOS<\/h2>\t\t\t\t<\/div>\n\t\t\t\t<\/div>\n\t\t\t\t<div class=\"elementor-element elementor-element-c01472a elementor-widget elementor-widget-image\" data-id=\"c01472a\" data-element_type=\"widget\" data-e-type=\"widget\" data-widget_type=\"image.default\">\n\t\t\t\t<div class=\"elementor-widget-container\">\n\t\t\t\t\t\t\t\t\t\t\t\t\t\t\t<img fetchpriority=\"high\" decoding=\"async\" width=\"550\" height=\"376\" src=\"https:\/\/www.tkth.com.br\/novo\/wp-content\/uploads\/2025\/06\/pagina_produtos_site_novo-min.png\" class=\"attachment-large size-large wp-image-9690\" alt=\"\" srcset=\"https:\/\/www.tkth.com.br\/novo\/wp-content\/uploads\/2025\/06\/pagina_produtos_site_novo-min.png 550w, https:\/\/www.tkth.com.br\/novo\/wp-content\/uploads\/2025\/06\/pagina_produtos_site_novo-min-300x205.png 300w\" sizes=\"(max-width: 550px) 100vw, 550px\" \/>\t\t\t\t\t\t\t\t\t\t\t\t\t\t\t<\/div>\n\t\t\t\t<\/div>\n\t\t\t\t<div class=\"elementor-element elementor-element-0bae7a1 elementor-widget elementor-widget-heading\" data-id=\"0bae7a1\" data-element_type=\"widget\" data-e-type=\"widget\" data-widget_type=\"heading.default\">\n\t\t\t\t<div class=\"elementor-widget-container\">\n\t\t\t\t\t<h2 class=\"elementor-heading-title elementor-size-default\">CEO FECHAMENTO <br>MEC\u00c2NICO<\/h2>\t\t\t\t<\/div>\n\t\t\t\t<\/div>\n\t\t\t\t<div class=\"elementor-element elementor-element-85989da elementor-widget__width-initial elementor-widget elementor-widget-heading\" data-id=\"85989da\" data-element_type=\"widget\" data-e-type=\"widget\" data-widget_type=\"heading.default\">\n\t\t\t\t<div class=\"elementor-widget-container\">\n\t\t\t\t\t<h2 class=\"elementor-heading-title elementor-size-default\">Mais agilidade e seguran\u00e7a no campo!<\/h2>\t\t\t\t<\/div>\n\t\t\t\t<\/div>\n\t\t\t\t\t<\/div>\n\t\t<\/div>\n\t\t\t\t<div class=\"elementor-column elementor-col-50 elementor-top-column elementor-element elementor-element-56d17d8\" data-id=\"56d17d8\" data-element_type=\"column\" data-e-type=\"column\" data-settings=\"{&quot;background_background&quot;:&quot;classic&quot;}\">\n\t\t\t<div class=\"elementor-widget-wrap elementor-element-populated\">\n\t\t\t\t\t\t<div class=\"elementor-element elementor-element-8252900 elementor-arrows-position-inside elementor-widget elementor-widget-image-carousel\" data-id=\"8252900\" data-element_type=\"widget\" data-e-type=\"widget\" data-settings=\"{&quot;slides_to_show&quot;:&quot;1&quot;,&quot;navigation&quot;:&quot;arrows&quot;,&quot;_animation&quot;:&quot;none&quot;,&quot;autoplay&quot;:&quot;yes&quot;,&quot;pause_on_hover&quot;:&quot;yes&quot;,&quot;pause_on_interaction&quot;:&quot;yes&quot;,&quot;autoplay_speed&quot;:5000,&quot;infinite&quot;:&quot;yes&quot;,&quot;effect&quot;:&quot;slide&quot;,&quot;speed&quot;:500}\" data-widget_type=\"image-carousel.default\">\n\t\t\t\t<div class=\"elementor-widget-container\">\n\t\t\t\t\t\t\t<div class=\"elementor-image-carousel-wrapper swiper\" role=\"region\" aria-roledescription=\"carousel\" aria-label=\"Carrossel de imagens\" dir=\"ltr\">\n\t\t\t<div class=\"elementor-image-carousel swiper-wrapper\" aria-live=\"off\">\n\t\t\t\t\t\t\t\t<div class=\"swiper-slide\" role=\"group\" aria-roledescription=\"slide\" aria-label=\"1 de 22\"><figure class=\"swiper-slide-inner\"><img decoding=\"async\" class=\"swiper-slide-image\" src=\"https:\/\/www.tkth.com.br\/novo\/wp-content\/uploads\/2025\/06\/CEO-01-FT.png\" alt=\"CEO 01 FM\" \/><figcaption class=\"elementor-image-carousel-caption\">CEO 01 FM<\/figcaption><\/figure><\/div><div class=\"swiper-slide\" role=\"group\" aria-roledescription=\"slide\" aria-label=\"2 de 22\"><figure class=\"swiper-slide-inner\"><img decoding=\"async\" class=\"swiper-slide-image\" src=\"https:\/\/www.tkth.com.br\/novo\/wp-content\/uploads\/2025\/06\/CEO-01-FM-2-min.png\" alt=\"CEO 01 FM DESMONTADA\" \/><figcaption class=\"elementor-image-carousel-caption\">CEO 01 FM DESMONTADA<\/figcaption><\/figure><\/div><div class=\"swiper-slide\" role=\"group\" aria-roledescription=\"slide\" aria-label=\"3 de 22\"><figure class=\"swiper-slide-inner\"><img decoding=\"async\" class=\"swiper-slide-image\" src=\"https:\/\/www.tkth.com.br\/novo\/wp-content\/uploads\/2025\/06\/CEO-01-FM-3-min.png\" alt=\"CEO 01 FM FRENTE\" \/><figcaption class=\"elementor-image-carousel-caption\">CEO 01 FM FRENTE<\/figcaption><\/figure><\/div><div class=\"swiper-slide\" role=\"group\" aria-roledescription=\"slide\" aria-label=\"4 de 22\"><figure class=\"swiper-slide-inner\"><img decoding=\"async\" class=\"swiper-slide-image\" src=\"https:\/\/www.tkth.com.br\/novo\/wp-content\/uploads\/2025\/06\/CEO-01-FM-5-min.png\" alt=\"CEO 01 FM LADO\" \/><figcaption class=\"elementor-image-carousel-caption\">CEO 01 FM LADO<\/figcaption><\/figure><\/div><div class=\"swiper-slide\" role=\"group\" aria-roledescription=\"slide\" aria-label=\"5 de 22\"><figure class=\"swiper-slide-inner\"><img decoding=\"async\" class=\"swiper-slide-image\" src=\"https:\/\/www.tkth.com.br\/novo\/wp-content\/uploads\/2025\/06\/CEO-01-FM-4-min.png\" alt=\"CEO 01 FM COSTAS\" \/><figcaption class=\"elementor-image-carousel-caption\">CEO 01 FM COSTAS<\/figcaption><\/figure><\/div><div class=\"swiper-slide\" role=\"group\" aria-roledescription=\"slide\" aria-label=\"6 de 22\"><figure class=\"swiper-slide-inner\"><img decoding=\"async\" class=\"swiper-slide-image\" src=\"https:\/\/www.tkth.com.br\/novo\/wp-content\/uploads\/2025\/06\/CEO-02-FM-min.png\" alt=\"CEO 02 FM\" \/><figcaption class=\"elementor-image-carousel-caption\">CEO 02 FM<\/figcaption><\/figure><\/div><div class=\"swiper-slide\" role=\"group\" aria-roledescription=\"slide\" aria-label=\"7 de 22\"><figure class=\"swiper-slide-inner\"><img decoding=\"async\" class=\"swiper-slide-image\" src=\"https:\/\/www.tkth.com.br\/novo\/wp-content\/uploads\/2025\/06\/CEO-02-FM-2-min.png\" alt=\"CEO 02 FM DESMONTADA\" \/><figcaption class=\"elementor-image-carousel-caption\">CEO 02 FM DESMONTADA<\/figcaption><\/figure><\/div><div class=\"swiper-slide\" role=\"group\" aria-roledescription=\"slide\" aria-label=\"8 de 22\"><figure class=\"swiper-slide-inner\"><img decoding=\"async\" class=\"swiper-slide-image\" src=\"https:\/\/www.tkth.com.br\/novo\/wp-content\/uploads\/2025\/06\/CEO-02-FM-3-min.png\" alt=\"CEO 02 FM FRENTE\" \/><figcaption class=\"elementor-image-carousel-caption\">CEO 02 FM FRENTE<\/figcaption><\/figure><\/div><div class=\"swiper-slide\" role=\"group\" aria-roledescription=\"slide\" aria-label=\"9 de 22\"><figure class=\"swiper-slide-inner\"><img decoding=\"async\" class=\"swiper-slide-image\" src=\"https:\/\/www.tkth.com.br\/novo\/wp-content\/uploads\/2025\/06\/CEO-02-FM-5-min.png\" alt=\"CEO 02 FM LADO\" \/><figcaption class=\"elementor-image-carousel-caption\">CEO 02 FM LADO<\/figcaption><\/figure><\/div><div class=\"swiper-slide\" role=\"group\" aria-roledescription=\"slide\" aria-label=\"10 de 22\"><figure class=\"swiper-slide-inner\"><img decoding=\"async\" class=\"swiper-slide-image\" src=\"https:\/\/www.tkth.com.br\/novo\/wp-content\/uploads\/2025\/06\/CEO-02-FM-4-min.png\" alt=\"CEO 02 FM COSTAS\" \/><figcaption class=\"elementor-image-carousel-caption\">CEO 02 FM COSTAS<\/figcaption><\/figure><\/div><div class=\"swiper-slide\" role=\"group\" aria-roledescription=\"slide\" aria-label=\"11 de 22\"><figure class=\"swiper-slide-inner\"><img decoding=\"async\" class=\"swiper-slide-image\" src=\"https:\/\/www.tkth.com.br\/novo\/wp-content\/uploads\/2025\/06\/CEO-FM-COMPARACAO-min.png\" alt=\"COMPARA\u00c7\u00c3O TAMANHO\" \/><figcaption class=\"elementor-image-carousel-caption\">COMPARA\u00c7\u00c3O TAMANHO<\/figcaption><\/figure><\/div><div class=\"swiper-slide\" role=\"group\" aria-roledescription=\"slide\" aria-label=\"12 de 22\"><figure class=\"swiper-slide-inner\"><img decoding=\"async\" class=\"swiper-slide-image\" src=\"https:\/\/www.tkth.com.br\/novo\/wp-content\/uploads\/2025\/06\/CEO-FM-COMPARACAO-2-min.png\" alt=\"COMPARA\u00c7\u00c3O TAMANHO\" \/><figcaption class=\"elementor-image-carousel-caption\">COMPARA\u00c7\u00c3O TAMANHO<\/figcaption><\/figure><\/div><div class=\"swiper-slide\" role=\"group\" aria-roledescription=\"slide\" aria-label=\"13 de 22\"><figure class=\"swiper-slide-inner\"><img decoding=\"async\" class=\"swiper-slide-image\" src=\"https:\/\/www.tkth.com.br\/novo\/wp-content\/uploads\/2025\/06\/CEO-FM-PERSONALIZADA-min.png\" alt=\"PERSONALIZA\u00c7\u00c3O CONSULTAR CORES\" \/><figcaption class=\"elementor-image-carousel-caption\">PERSONALIZA\u00c7\u00c3O CONSULTAR CORES<\/figcaption><\/figure><\/div><div class=\"swiper-slide\" role=\"group\" aria-roledescription=\"slide\" aria-label=\"14 de 22\"><figure class=\"swiper-slide-inner\"><img decoding=\"async\" class=\"swiper-slide-image\" src=\"https:\/\/www.tkth.com.br\/novo\/wp-content\/uploads\/2025\/06\/Grommet_entrada-oval-min.png\" alt=\"GROMMET BATMAN\" \/><figcaption class=\"elementor-image-carousel-caption\">GROMMET BATMAN<\/figcaption><\/figure><\/div><div class=\"swiper-slide\" role=\"group\" aria-roledescription=\"slide\" aria-label=\"15 de 22\"><figure class=\"swiper-slide-inner\"><img decoding=\"async\" class=\"swiper-slide-image\" src=\"https:\/\/www.tkth.com.br\/novo\/wp-content\/uploads\/2025\/06\/Grommet-min.png\" alt=\"GROMMET\" \/><figcaption class=\"elementor-image-carousel-caption\">GROMMET <\/figcaption><\/figure><\/div><div class=\"swiper-slide\" role=\"group\" aria-roledescription=\"slide\" aria-label=\"16 de 22\"><figure class=\"swiper-slide-inner\"><img decoding=\"async\" class=\"swiper-slide-image\" src=\"https:\/\/www.tkth.com.br\/novo\/wp-content\/uploads\/2025\/06\/Grommet_fechado-min.png\" alt=\"GROMMET FECHADO\" \/><figcaption class=\"elementor-image-carousel-caption\">GROMMET FECHADO<\/figcaption><\/figure><\/div><div class=\"swiper-slide\" role=\"group\" aria-roledescription=\"slide\" aria-label=\"17 de 22\"><figure class=\"swiper-slide-inner\"><img decoding=\"async\" class=\"swiper-slide-image\" src=\"https:\/\/www.tkth.com.br\/novo\/wp-content\/uploads\/2025\/06\/Grommet_cabo-11-145mm1-min.png\" alt=\"GROMMET DERIVA\u00c7\u00c3O 1 CABO DE 11 A 14,5 MM\" \/><figcaption class=\"elementor-image-carousel-caption\">GROMMET DERIVA\u00c7\u00c3O 1 CABO DE 11 A 14,5 MM<\/figcaption><\/figure><\/div><div class=\"swiper-slide\" role=\"group\" aria-roledescription=\"slide\" aria-label=\"18 de 22\"><figure class=\"swiper-slide-inner\"><img decoding=\"async\" class=\"swiper-slide-image\" src=\"https:\/\/www.tkth.com.br\/novo\/wp-content\/uploads\/2025\/06\/Grommet_2cabos-5-11mm2-min.png\" alt=\"GROMMET DERIVA\u00c7\u00c3O 2 CABOS DE 5 A 11 MM\" \/><figcaption class=\"elementor-image-carousel-caption\">GROMMET DERIVA\u00c7\u00c3O 2 CABOS DE 5 A 11 MM<\/figcaption><\/figure><\/div><div class=\"swiper-slide\" role=\"group\" aria-roledescription=\"slide\" aria-label=\"19 de 22\"><figure class=\"swiper-slide-inner\"><img decoding=\"async\" class=\"swiper-slide-image\" src=\"https:\/\/www.tkth.com.br\/novo\/wp-content\/uploads\/2025\/06\/Grommet_4cabos-3-55mm-min.png\" alt=\"GROMMET DERIVA\u00c7\u00c3O 4 CABOS DE 3 A 5,5 MM\" \/><figcaption class=\"elementor-image-carousel-caption\">GROMMET DERIVA\u00c7\u00c3O 4 CABOS DE 3 A 5,5 MM<\/figcaption><\/figure><\/div><div class=\"swiper-slide\" role=\"group\" aria-roledescription=\"slide\" aria-label=\"20 de 22\"><figure class=\"swiper-slide-inner\"><img decoding=\"async\" class=\"swiper-slide-image\" src=\"https:\/\/www.tkth.com.br\/novo\/wp-content\/uploads\/2025\/06\/Grommet_6drop-flat-2x5mm2-min.png\" alt=\"GROMMET DERIVA\u00c7\u00c3O 6 CABOS DROP (FLAT) 2x5 MM\" \/><figcaption class=\"elementor-image-carousel-caption\">GROMMET DERIVA\u00c7\u00c3O 6 CABOS DROP (FLAT) 2x5 MM<\/figcaption><\/figure><\/div><div class=\"swiper-slide\" role=\"group\" aria-roledescription=\"slide\" aria-label=\"21 de 22\"><figure class=\"swiper-slide-inner\"><img decoding=\"async\" class=\"swiper-slide-image\" src=\"https:\/\/www.tkth.com.br\/novo\/wp-content\/uploads\/2025\/06\/Grommets_Entrada-Oval-5-104mm_todas-derivacoes-min.png\" alt=\"GROMMETS ENTRADA OVAL 5 A 10,5 COM TODAS AS DERIVA\u00c7\u00d5ES\" \/><figcaption class=\"elementor-image-carousel-caption\">GROMMETS ENTRADA OVAL 5 A 10,5 COM TODAS AS DERIVA\u00c7\u00d5ES<\/figcaption><\/figure><\/div><div class=\"swiper-slide\" role=\"group\" aria-roledescription=\"slide\" aria-label=\"22 de 22\"><figure class=\"swiper-slide-inner\"><img decoding=\"async\" class=\"swiper-slide-image\" src=\"https:\/\/www.tkth.com.br\/novo\/wp-content\/uploads\/2025\/06\/Grommets_Entrada-Oval-10-165mm_todas-derivacoes-min.png\" alt=\"GROMMETS ENTRADA OVAL 10 A 16,5 COM TODAS AS DERIVA\u00c7\u00d5ES\" \/><figcaption class=\"elementor-image-carousel-caption\">GROMMETS ENTRADA OVAL 10 A 16,5 COM TODAS AS DERIVA\u00c7\u00d5ES<\/figcaption><\/figure><\/div>\t\t\t<\/div>\n\t\t\t\t\t\t\t\t\t\t\t\t<div class=\"elementor-swiper-button elementor-swiper-button-prev\" role=\"button\" tabindex=\"0\">\n\t\t\t\t\t\t<i aria-hidden=\"true\" class=\"eicon-chevron-left\"><\/i>\t\t\t\t\t<\/div>\n\t\t\t\t\t<div class=\"elementor-swiper-button elementor-swiper-button-next\" role=\"button\" tabindex=\"0\">\n\t\t\t\t\t\t<i aria-hidden=\"true\" class=\"eicon-chevron-right\"><\/i>\t\t\t\t\t<\/div>\n\t\t\t\t\n\t\t\t\t\t\t\t\t\t<\/div>\n\t\t\t\t\t\t<\/div>\n\t\t\t\t<\/div>\n\t\t\t\t\t<\/div>\n\t\t<\/div>\n\t\t\t\t\t<\/div>\n\t\t<\/section>\n\t\t\t\t<section class=\"elementor-section elementor-top-section elementor-element elementor-element-61d5ee9f elementor-section-height-min-height elementor-section-items-top elementor-section-boxed elementor-section-height-default\" data-id=\"61d5ee9f\" data-element_type=\"section\" data-e-type=\"section\" data-settings=\"{&quot;background_background&quot;:&quot;classic&quot;}\">\n\t\t\t\t\t\t<div class=\"elementor-container elementor-column-gap-default\">\n\t\t\t\t\t<div class=\"elementor-column elementor-col-100 elementor-top-column elementor-element elementor-element-d49a923\" data-id=\"d49a923\" data-element_type=\"column\" data-e-type=\"column\" data-settings=\"{&quot;background_background&quot;:&quot;classic&quot;}\">\n\t\t\t<div class=\"elementor-widget-wrap elementor-element-populated\">\n\t\t\t\t\t\t<div class=\"elementor-element elementor-element-71379dc6 elementor-widget elementor-widget-eael-adv-tabs\" data-id=\"71379dc6\" data-element_type=\"widget\" data-e-type=\"widget\" data-widget_type=\"eael-adv-tabs.default\">\n\t\t\t\t<div class=\"elementor-widget-container\">\n\t\t\t\t\t        <div data-scroll-on-click=\"no\" data-scroll-speed=\"300\" id=\"eael-advance-tabs-71379dc6\" class=\"eael-advance-tabs eael-tabs-horizontal eael-tab-auto-active \" data-tabid=\"71379dc6\">\n            <div class=\"eael-tabs-nav \">\n                <ul class=\"\" role=\"tablist\">\n                                            <li id=\"descrio\" class=\"active-default eael-tab-item-trigger eael-tab-nav-item\" aria-selected=\"true\" data-tab=\"1\" role=\"tab\" tabindex=\"0\" aria-controls=\"descrio-tab\" aria-expanded=\"false\">\n                            \n                            \n                            \n                                                            <span class=\"eael-tab-title title-after-icon\" >Descri\u00e7\u00e3o<\/span>                                                    <\/li>\n                                            <li id=\"datasheet\" class=\" eael-tab-item-trigger eael-tab-nav-item\" aria-selected=\"false\" data-tab=\"2\" role=\"tab\" tabindex=\"-1\" aria-controls=\"datasheet-tab\" aria-expanded=\"false\">\n                            \n                            \n                            \n                                                            <span class=\"eael-tab-title title-after-icon\" >Datasheet<\/span>                                                    <\/li>\n                    \n                                       <div class=\"eael-tabs-glassey-svg\">\n                        <svg style=\"display: none\">\n                           <filter id=\"switcher\" x=\"0\" y=\"0\" width=\"100%\" height=\"100%\" filterUnits=\"objectBoundingBox\">\n                              <feTurbulence type=\"fractalNoise\" baseFrequency=\"0.003 0.007\" numOctaves=\"1\" result=\"turbulence\" \/>\n                              <feDisplacementMap in=\"SourceGraphic\" in2=\"turbulence\" scale=\"200\" xChannelSelector=\"R\" yChannelSelector=\"G\" \/>\n                           <\/filter>\n                        <\/svg>\n                     <\/div>\n                                     <\/ul>\n            <\/div>\n            \n            <div class=\"eael-tabs-content\">\n\t\t        \n                    <div id=\"descrio-tab\" class=\"clearfix eael-tab-content-item active-default\" data-title-link=\"descrio-tab\">\n\t\t\t\t        <p>As caixas com fechamento mec\u00e2nico oferecem alta seguran\u00e7a e maior produtividade para as equipes em campo. Com instala\u00e7\u00e3o vers\u00e1til (rede a\u00e9rea, subterr\u00e2nea ou em poste), eliminam falhas humanas e padronizam o processo. Possuem estrutura robusta, com prote\u00e7\u00e3o UV e alto grau de prote\u00e7\u00e3o IP. S\u00e3o ideais para quem precisa de f\u00e1cil reentrada para manuten\u00e7\u00e3o e ajustes, gra\u00e7as ao sistema de veda\u00e7\u00e3o por anel e parafusos.<\/p><p>O modelo CEO 01 FM tem capacidade para at\u00e9 6 bandejas, com 24 fibras \u00f3pticas cada, totalizando at\u00e9 144 deriva\u00e7\u00f5es. J\u00e1 o modelo CEO 02 FM tem capacidade para at\u00e9 6 bandejas, com 36 fibras \u00f3pticas cada, totalizando at\u00e9 216 deriva\u00e7\u00f5es.<\/p><blockquote><p><strong>Funcionalidades:<\/strong><\/p><p>&#8211; 1 entrada e 1 sa\u00edda para cabo principal.<\/p><p>&#8211; 5 sa\u00eddas de deriva\u00e7\u00e3o.<\/p><p>&#8211; Entrada oval: cabos de 5 a 10,5 mm ou de 10 a 16,5 mm.<\/p><p>&#8211; Sa\u00eddas de deriva\u00e7\u00e3o com 4 kits dispon\u00edveis:<\/p><p>Para 1 cabo de 11 a 14,5 mm;<\/p><p>Para 2 cabos de 5 a 11 mm;<\/p><p>Para 4 cabos de 3 a 5,5 mm;<\/p><p>Para 6 cabos drop (flat) 2&#215;5 mm.<\/p><p>&#8211; Personaliza\u00e7\u00e3o: faixa com a cor e o logo do cliente.<\/p><p>&#8211; Abertura\/fechamento: abra\u00e7adeira tipo \u201cclamp\u201d.<\/p><p>* Incluso grommet de entrada e sa\u00edda.<\/p><p>** Grommets de deriva\u00e7\u00e3o vendidos separadamente.<\/p><\/blockquote>                    <\/div>\n\t\t        \n                    <div id=\"datasheet-tab\" class=\"clearfix eael-tab-content-item \" data-title-link=\"datasheet-tab\">\n\t\t\t\t        <blockquote><p>&#8211; <strong><a href=\"http:\/\/tkth.com.br\/novo\/datasheets\/ds_ceo-fm_rev02.pdf\">Download<\/a><\/strong><\/p><\/blockquote>                    <\/div>\n\t\t                    <\/div>\n        <\/div>\n\t\t\t\t<\/div>\n\t\t\t\t<\/div>\n\t\t\t\t\t<\/div>\n\t\t<\/div>\n\t\t\t\t\t<\/div>\n\t\t<\/section>\n\t\t\t\t<\/div>\n\t\t","protected":false},"excerpt":{"rendered":"<p>INJETADOS PL\u00c1STICOS CEO FECHAMENTO MEC\u00c2NICO Mais agilidade e seguran\u00e7a no campo! CEO 01 FM CEO 01 FM DESMONTADA CEO 01 FM FRENTE CEO 01 FM LADO CEO 01 FM COSTAS CEO 02 FM CEO 02 FM DESMONTADA CEO 02 FM FRENTE CEO 02 FM LADO CEO 02 FM COSTAS COMPARA\u00c7\u00c3O TAMANHO COMPARA\u00c7\u00c3O TAMANHO PERSONALIZA\u00c7\u00c3O CONSULTAR [&hellip;]<\/p>\n","protected":false},"author":3,"featured_media":9695,"parent":0,"menu_order":0,"comment_status":"closed","ping_status":"closed","template":"","meta":{"_acf_changed":false,"footnotes":""},"class_list":["post-9694","page","type-page","status-publish","has-post-thumbnail","hentry"],"acf":[],"_links":{"self":[{"href":"https:\/\/www.tkth.com.br\/novo\/wp-json\/wp\/v2\/pages\/9694","targetHints":{"allow":["GET"]}}],"collection":[{"href":"https:\/\/www.tkth.com.br\/novo\/wp-json\/wp\/v2\/pages"}],"about":[{"href":"https:\/\/www.tkth.com.br\/novo\/wp-json\/wp\/v2\/types\/page"}],"author":[{"embeddable":true,"href":"https:\/\/www.tkth.com.br\/novo\/wp-json\/wp\/v2\/users\/3"}],"replies":[{"embeddable":true,"href":"https:\/\/www.tkth.com.br\/novo\/wp-json\/wp\/v2\/comments?post=9694"}],"version-history":[{"count":22,"href":"https:\/\/www.tkth.com.br\/novo\/wp-json\/wp\/v2\/pages\/9694\/revisions"}],"predecessor-version":[{"id":10541,"href":"https:\/\/www.tkth.com.br\/novo\/wp-json\/wp\/v2\/pages\/9694\/revisions\/10541"}],"wp:featuredmedia":[{"embeddable":true,"href":"https:\/\/www.tkth.com.br\/novo\/wp-json\/wp\/v2\/media\/9695"}],"wp:attachment":[{"href":"https:\/\/www.tkth.com.br\/novo\/wp-json\/wp\/v2\/media?parent=9694"}],"curies":[{"name":"wp","href":"https:\/\/api.w.org\/{rel}","templated":true}]}}